{"id":8767,"date":"2022-08-10T20:23:30","date_gmt":"2022-08-10T18:23:30","guid":{"rendered":"https:\/\/www.minderheitensekretariat.de\/imprint\/"},"modified":"2025-05-22T12:32:40","modified_gmt":"2025-05-22T10:32:40","slug":"imprint","status":"publish","type":"page","link":"https:\/\/www.minderheitensekretariat.de\/en\/imprint\/","title":{"rendered":"Imprint"},"content":{"rendered":"\t\t<div data-elementor-type=\"wp-page\" data-elementor-id=\"8767\" class=\"elementor elementor-8767 elementor-2862\" data-elementor-post-type=\"page\">\n\t\t\t\t\t\t<section class=\"elementor-section elementor-top-section elementor-element elementor-element-ca71e11 elementor-section-full_width elementor-section-content-top elementor-section-height-default elementor-section-height-default\" data-id=\"ca71e11\" data-element_type=\"section\" data-settings=\"{&quot;background_background&quot;:&quot;gradient&quot;}\">\n\t\t\t\t\t\t\t<div class=\"elementor-background-overlay\"><\/div>\n\t\t\t\t\t\t\t<div class=\"elementor-container elementor-column-gap-default\">\n\t\t\t\t\t<div class=\"elementor-column elementor-col-100 elementor-top-column elementor-element elementor-element-4b801b4\" data-id=\"4b801b4\" data-element_type=\"column\">\n\t\t\t<div class=\"elementor-widget-wrap elementor-element-populated\">\n\t\t\t\t\t\t<section class=\"elementor-section elementor-inner-section elementor-element elementor-element-9a87323 elementor-section-full_width elementor-section-height-min-height elementor-section-height-default\" data-id=\"9a87323\" data-element_type=\"section\">\n\t\t\t\t\t\t<div class=\"elementor-container elementor-column-gap-no\">\n\t\t\t\t\t<div class=\"elementor-column elementor-col-100 elementor-inner-column elementor-element elementor-element-1d127b9\" data-id=\"1d127b9\" data-element_type=\"column\" data-settings=\"{&quot;background_background&quot;:&quot;classic&quot;}\">\n\t\t\t<div class=\"elementor-widget-wrap elementor-element-populated\">\n\t\t\t\t\t<div class=\"elementor-background-overlay\"><\/div>\n\t\t\t\t\t\t<div class=\"elementor-element elementor-element-0df3ef1 elementor-widget-divider--view-line elementor-widget elementor-widget-divider\" data-id=\"0df3ef1\" data-element_type=\"widget\" data-widget_type=\"divider.default\">\n\t\t\t\t<div class=\"elementor-widget-container\">\n\t\t\t\t\t<div class=\"elementor-divider\">\n\t\t\t<span class=\"elementor-divider-separator\">\n\t\t\t\t\t\t<\/span>\n\t\t<\/div>\n\t\t\t\t<\/div>\n\t\t\t\t<\/div>\n\t\t\t\t<div class=\"elementor-element elementor-element-c29eebd elementor-widget elementor-widget-heading\" data-id=\"c29eebd\" data-element_type=\"widget\" data-widget_type=\"heading.default\">\n\t\t\t\t<div class=\"elementor-widget-container\">\n\t\t\t<h2 class=\"elementor-heading-title elementor-size-default\"><b>Imprint<\/b><\/h2>\t\t<\/div>\n\t\t\t\t<\/div>\n\t\t\t\t\t<\/div>\n\t\t<\/div>\n\t\t\t\t\t<\/div>\n\t\t<\/section>\n\t\t\t\t<section class=\"elementor-section elementor-inner-section elementor-element elementor-element-ec4081f elementor-section-boxed elementor-section-height-default elementor-section-height-default\" data-id=\"ec4081f\" data-element_type=\"section\" data-settings=\"{&quot;background_background&quot;:&quot;classic&quot;}\">\n\t\t\t\t\t\t\t<div class=\"elementor-background-overlay\"><\/div>\n\t\t\t\t\t\t\t<div class=\"elementor-container elementor-column-gap-default\">\n\t\t\t\t\t<div class=\"elementor-column elementor-col-100 elementor-inner-column elementor-element elementor-element-235bb58\" data-id=\"235bb58\" data-element_type=\"column\">\n\t\t\t<div class=\"elementor-widget-wrap elementor-element-populated\">\n\t\t\t\t\t\t<div class=\"elementor-element elementor-element-1054adb elementor-widget elementor-widget-menu-anchor\" data-id=\"1054adb\" data-element_type=\"widget\" data-widget_type=\"menu-anchor.default\">\n\t\t\t\t<div class=\"elementor-widget-container\">\n\t\t\t\t\t<div class=\"elementor-menu-anchor\" id=\"more\"><\/div>\n\t\t\t\t<\/div>\n\t\t\t\t<\/div>\n\t\t\t\t<div class=\"elementor-element elementor-element-563c2c3 elementor-widget elementor-widget-text-editor\" data-id=\"563c2c3\" data-element_type=\"widget\" data-widget_type=\"text-editor.default\">\n\t\t\t\t<div class=\"elementor-widget-container\">\n\t\t\t\t\t\t\t<p><b>Minority Secretariat of the four autochthonous national minorities and ethnic groups<\/b><\/p>\n<p><b><\/b>Englische Stra\u00dfe 30<br>10587 Berlin<br>Phone: +49 (0) 30 18681-17940<br><span style=\"text-decoration: underline;\"><a href=\"info@minderheitensekretariat.de\">info(at)minderheitensekretariat.de<\/a><\/span><\/p>\n<p><em>The minority secretariat is run by Domowina &#8211; Bund Lausitzer Sorben e.V. (www.domowina.de)<\/em><\/p>\n<p><b>Contents<\/b><br>Minority Secretariat of the four autochthonous national minorities and ethnic groups<\/p>\n<p><b>Idea, design and implementation<br><\/b>STARKAD<br><span style=\"text-decoration: underline;\"><a href=\"http:\/\/www.starkad.de\">www.starkad.de<\/a><\/span><\/p>\n<p><b>Our translators<br><\/b>Dr. Karin Haug (North Frisian) <br>Johanna Evers (Sater Frisian) <br>Werner Meschkank (Lower Sorbian) <br>Dorothea \u0160o\u0142\u0107ina &amp; Jan Kral (Upper Sorbian) <br>Gert J. Fode (Danish) <br>Christiane Ehlers &amp; Marianne Ehlers (Platt) <br>Pingpong Translation &amp; Subtitling &amp; Frank de Boer (English)<\/p>\n<p><strong>Photos<\/strong><br>Martin Ziemer<br>Stefan H\u00e4hnel<br>Laszlo Mihaly<br>Cover photo &gt; European Union: \u00a9 Guillaume Perigois<br>Cover photo &gt; Basics &gt; Council of Europe: \u00a9 Council of Europe, author: Candice Imbert<br>All other authors can be found in the captions of the respective photos<\/p>\n<p><b>Support <br><\/b>The website of the Minority Secretariat is funded by the Federal Ministry of the Interior on the basis of a resolution of the German Bundestag.<\/p>\t\t\t\t\t\t<\/div>\n\t\t\t\t<\/div>\n\t\t\t\t<div class=\"elementor-element elementor-element-927e7c5 elementor-widget elementor-widget-image\" data-id=\"927e7c5\" data-element_type=\"widget\" data-widget_type=\"image.default\">\n\t\t\t\t<div class=\"elementor-widget-container\">\n\t\t\t\t\t\t\t\t\t\t\t\t\t<img fetchpriority=\"high\" decoding=\"async\" width=\"800\" height=\"495\" src=\"https:\/\/www.minderheitensekretariat.de\/wp-content\/uploads\/2025\/05\/CDR_BMI_de_de_v1__Office_farbig-1024x634.png\" class=\"attachment-large size-large wp-image-20348\" alt=\"\" srcset=\"https:\/\/www.minderheitensekretariat.de\/wp-content\/uploads\/2025\/05\/CDR_BMI_de_de_v1__Office_farbig-1024x634.png 1024w, https:\/\/www.minderheitensekretariat.de\/wp-content\/uploads\/2025\/05\/CDR_BMI_de_de_v1__Office_farbig-300x186.png 300w, https:\/\/www.minderheitensekretariat.de\/wp-content\/uploads\/2025\/05\/CDR_BMI_de_de_v1__Office_farbig-768x475.png 768w, https:\/\/www.minderheitensekretariat.de\/wp-content\/uploads\/2025\/05\/CDR_BMI_de_de_v1__Office_farbig.png 1344w\" sizes=\"(max-width: 800px) 100vw, 800px\" \/>\t\t\t\t\t\t\t\t\t\t\t\t\t<\/div>\n\t\t\t\t<\/div>\n\t\t\t\t\t<\/div>\n\t\t<\/div>\n\t\t\t\t\t<\/div>\n\t\t<\/section>\n\t\t\t\t\t<\/div>\n\t\t<\/div>\n\t\t\t\t\t<\/div>\n\t\t<\/section>\n\t\t\t\t<\/div>\n\t\t","protected":false},"excerpt":{"rendered":"<p>Imprint Minority Secretariat of the four autochthonous national minorities and ethnic groups Englische Stra\u00dfe 3010587 BerlinPhone: +49 (0) 30 18681-17940info(at)minderheitensekretariat.de The minority secretariat is run by Domowina &#8211; Bund Lausitzer Sorben e.V. (www.domowina.de) ContentsMinority Secretariat of the four autochthonous national minorities and ethnic groups Idea, design and implementationSTARKADwww.starkad.de Our translatorsDr. Karin Haug (North Frisian) Johanna [&hellip;]<\/p>\n","protected":false},"author":2,"featured_media":0,"parent":0,"menu_order":0,"comment_status":"closed","ping_status":"closed","template":"","meta":{"footnotes":""},"class_list":["post-8767","page","type-page","status-publish","hentry"],"yoast_head":"<!-- This site is optimized with the Yoast SEO plugin v23.8 - https:\/\/yoast.com\/wordpress\/plugins\/seo\/ -->\n<title>Imprint - Minderheitensekretariat<\/title>\n<meta name=\"robots\" content=\"index, follow, max-snippet:-1, max-image-preview:large, max-video-preview:-1\" \/>\n<link rel=\"canonical\" href=\"https:\/\/www.minderheitensekretariat.de\/en\/imprint\/\" \/>\n<meta property=\"og:locale\" content=\"en_US\" \/>\n<meta property=\"og:type\" content=\"article\" \/>\n<meta property=\"og:title\" content=\"Imprint - Minderheitensekretariat\" \/>\n<meta property=\"og:description\" content=\"Imprint Minority Secretariat of the four autochthonous national minorities and ethnic groups Englische Stra\u00dfe 3010587 BerlinPhone: +49 (0) 30 18681-17940info(at)minderheitensekretariat.de The minority secretariat is run by Domowina &#8211; Bund Lausitzer Sorben e.V. (www.domowina.de) ContentsMinority Secretariat of the four autochthonous national minorities and ethnic groups Idea, design and implementationSTARKADwww.starkad.de Our translatorsDr. Karin Haug (North Frisian) Johanna [&hellip;]\" \/>\n<meta property=\"og:url\" content=\"https:\/\/www.minderheitensekretariat.de\/en\/imprint\/\" \/>\n<meta property=\"og:site_name\" content=\"Minderheitensekretariat\" \/>\n<meta property=\"article:publisher\" content=\"https:\/\/www.facebook.com\/minderheitensekretariat.de\" \/>\n<meta property=\"article:modified_time\" content=\"2025-05-22T10:32:40+00:00\" \/>\n<meta property=\"og:image\" content=\"https:\/\/www.minderheitensekretariat.de\/wp-content\/uploads\/2025\/05\/CDR_BMI_de_de_v1__Office_farbig.png\" \/>\n\t<meta property=\"og:image:width\" content=\"1344\" \/>\n\t<meta property=\"og:image:height\" content=\"832\" \/>\n\t<meta property=\"og:image:type\" content=\"image\/png\" \/>\n<meta name=\"twitter:card\" content=\"summary_large_image\" \/>\n<meta name=\"twitter:label1\" content=\"Est. reading time\" \/>\n\t<meta name=\"twitter:data1\" content=\"1 minute\" \/>\n<script type=\"application\/ld+json\" class=\"yoast-schema-graph\">{\"@context\":\"https:\/\/schema.org\",\"@graph\":[{\"@type\":\"WebPage\",\"@id\":\"https:\/\/www.minderheitensekretariat.de\/en\/imprint\/\",\"url\":\"https:\/\/www.minderheitensekretariat.de\/en\/imprint\/\",\"name\":\"Imprint - Minderheitensekretariat\",\"isPartOf\":{\"@id\":\"https:\/\/www.minderheitensekretariat.de\/en\/#website\"},\"primaryImageOfPage\":{\"@id\":\"https:\/\/www.minderheitensekretariat.de\/en\/imprint\/#primaryimage\"},\"image\":{\"@id\":\"https:\/\/www.minderheitensekretariat.de\/en\/imprint\/#primaryimage\"},\"thumbnailUrl\":\"https:\/\/www.minderheitensekretariat.de\/wp-content\/uploads\/2025\/05\/CDR_BMI_de_de_v1__Office_farbig-1024x634.png\",\"datePublished\":\"2022-08-10T18:23:30+00:00\",\"dateModified\":\"2025-05-22T10:32:40+00:00\",\"breadcrumb\":{\"@id\":\"https:\/\/www.minderheitensekretariat.de\/en\/imprint\/#breadcrumb\"},\"inLanguage\":\"en-US\",\"potentialAction\":[{\"@type\":\"ReadAction\",\"target\":[\"https:\/\/www.minderheitensekretariat.de\/en\/imprint\/\"]}]},{\"@type\":\"ImageObject\",\"inLanguage\":\"en-US\",\"@id\":\"https:\/\/www.minderheitensekretariat.de\/en\/imprint\/#primaryimage\",\"url\":\"https:\/\/www.minderheitensekretariat.de\/wp-content\/uploads\/2025\/05\/CDR_BMI_de_de_v1__Office_farbig-1024x634.png\",\"contentUrl\":\"https:\/\/www.minderheitensekretariat.de\/wp-content\/uploads\/2025\/05\/CDR_BMI_de_de_v1__Office_farbig-1024x634.png\"},{\"@type\":\"BreadcrumbList\",\"@id\":\"https:\/\/www.minderheitensekretariat.de\/en\/imprint\/#breadcrumb\",\"itemListElement\":[{\"@type\":\"ListItem\",\"position\":1,\"name\":\"Startseite\",\"item\":\"https:\/\/www.minderheitensekretariat.de\/en\/\"},{\"@type\":\"ListItem\",\"position\":2,\"name\":\"Imprint\"}]},{\"@type\":\"WebSite\",\"@id\":\"https:\/\/www.minderheitensekretariat.de\/en\/#website\",\"url\":\"https:\/\/www.minderheitensekretariat.de\/en\/\",\"name\":\"Minderheitensekretariat\",\"description\":\"\",\"publisher\":{\"@id\":\"https:\/\/www.minderheitensekretariat.de\/en\/#organization\"},\"potentialAction\":[{\"@type\":\"SearchAction\",\"target\":{\"@type\":\"EntryPoint\",\"urlTemplate\":\"https:\/\/www.minderheitensekretariat.de\/en\/?s={search_term_string}\"},\"query-input\":{\"@type\":\"PropertyValueSpecification\",\"valueRequired\":true,\"valueName\":\"search_term_string\"}}],\"inLanguage\":\"en-US\"},{\"@type\":\"Organization\",\"@id\":\"https:\/\/www.minderheitensekretariat.de\/en\/#organization\",\"name\":\"Minderheitensekretariat\",\"url\":\"https:\/\/www.minderheitensekretariat.de\/en\/\",\"logo\":{\"@type\":\"ImageObject\",\"inLanguage\":\"en-US\",\"@id\":\"https:\/\/www.minderheitensekretariat.de\/en\/#\/schema\/logo\/image\/\",\"url\":\"https:\/\/www.minderheitensekretariat.de\/wp-content\/uploads\/2023\/03\/Min_sek_Logo_4c.jpg\",\"contentUrl\":\"https:\/\/www.minderheitensekretariat.de\/wp-content\/uploads\/2023\/03\/Min_sek_Logo_4c.jpg\",\"width\":984,\"height\":236,\"caption\":\"Minderheitensekretariat\"},\"image\":{\"@id\":\"https:\/\/www.minderheitensekretariat.de\/en\/#\/schema\/logo\/image\/\"},\"sameAs\":[\"https:\/\/www.facebook.com\/minderheitensekretariat.de\"]}]}<\/script>\n<!-- \/ Yoast SEO plugin. -->","yoast_head_json":{"title":"Imprint - Minderheitensekretariat","robots":{"index":"index","follow":"follow","max-snippet":"max-snippet:-1","max-image-preview":"max-image-preview:large","max-video-preview":"max-video-preview:-1"},"canonical":"https:\/\/www.minderheitensekretariat.de\/en\/imprint\/","og_locale":"en_US","og_type":"article","og_title":"Imprint - Minderheitensekretariat","og_description":"Imprint Minority Secretariat of the four autochthonous national minorities and ethnic groups Englische Stra\u00dfe 3010587 BerlinPhone: +49 (0) 30 18681-17940info(at)minderheitensekretariat.de The minority secretariat is run by Domowina &#8211; Bund Lausitzer Sorben e.V. (www.domowina.de) ContentsMinority Secretariat of the four autochthonous national minorities and ethnic groups Idea, design and implementationSTARKADwww.starkad.de Our translatorsDr. Karin Haug (North Frisian) Johanna [&hellip;]","og_url":"https:\/\/www.minderheitensekretariat.de\/en\/imprint\/","og_site_name":"Minderheitensekretariat","article_publisher":"https:\/\/www.facebook.com\/minderheitensekretariat.de","article_modified_time":"2025-05-22T10:32:40+00:00","og_image":[{"width":1344,"height":832,"url":"https:\/\/www.minderheitensekretariat.de\/wp-content\/uploads\/2025\/05\/CDR_BMI_de_de_v1__Office_farbig.png","type":"image\/png"}],"twitter_card":"summary_large_image","twitter_misc":{"Est. reading time":"1 minute"},"schema":{"@context":"https:\/\/schema.org","@graph":[{"@type":"WebPage","@id":"https:\/\/www.minderheitensekretariat.de\/en\/imprint\/","url":"https:\/\/www.minderheitensekretariat.de\/en\/imprint\/","name":"Imprint - Minderheitensekretariat","isPartOf":{"@id":"https:\/\/www.minderheitensekretariat.de\/en\/#website"},"primaryImageOfPage":{"@id":"https:\/\/www.minderheitensekretariat.de\/en\/imprint\/#primaryimage"},"image":{"@id":"https:\/\/www.minderheitensekretariat.de\/en\/imprint\/#primaryimage"},"thumbnailUrl":"https:\/\/www.minderheitensekretariat.de\/wp-content\/uploads\/2025\/05\/CDR_BMI_de_de_v1__Office_farbig-1024x634.png","datePublished":"2022-08-10T18:23:30+00:00","dateModified":"2025-05-22T10:32:40+00:00","breadcrumb":{"@id":"https:\/\/www.minderheitensekretariat.de\/en\/imprint\/#breadcrumb"},"inLanguage":"en-US","potentialAction":[{"@type":"ReadAction","target":["https:\/\/www.minderheitensekretariat.de\/en\/imprint\/"]}]},{"@type":"ImageObject","inLanguage":"en-US","@id":"https:\/\/www.minderheitensekretariat.de\/en\/imprint\/#primaryimage","url":"https:\/\/www.minderheitensekretariat.de\/wp-content\/uploads\/2025\/05\/CDR_BMI_de_de_v1__Office_farbig-1024x634.png","contentUrl":"https:\/\/www.minderheitensekretariat.de\/wp-content\/uploads\/2025\/05\/CDR_BMI_de_de_v1__Office_farbig-1024x634.png"},{"@type":"BreadcrumbList","@id":"https:\/\/www.minderheitensekretariat.de\/en\/imprint\/#breadcrumb","itemListElement":[{"@type":"ListItem","position":1,"name":"Startseite","item":"https:\/\/www.minderheitensekretariat.de\/en\/"},{"@type":"ListItem","position":2,"name":"Imprint"}]},{"@type":"WebSite","@id":"https:\/\/www.minderheitensekretariat.de\/en\/#website","url":"https:\/\/www.minderheitensekretariat.de\/en\/","name":"Minderheitensekretariat","description":"","publisher":{"@id":"https:\/\/www.minderheitensekretariat.de\/en\/#organization"},"potentialAction":[{"@type":"SearchAction","target":{"@type":"EntryPoint","urlTemplate":"https:\/\/www.minderheitensekretariat.de\/en\/?s={search_term_string}"},"query-input":{"@type":"PropertyValueSpecification","valueRequired":true,"valueName":"search_term_string"}}],"inLanguage":"en-US"},{"@type":"Organization","@id":"https:\/\/www.minderheitensekretariat.de\/en\/#organization","name":"Minderheitensekretariat","url":"https:\/\/www.minderheitensekretariat.de\/en\/","logo":{"@type":"ImageObject","inLanguage":"en-US","@id":"https:\/\/www.minderheitensekretariat.de\/en\/#\/schema\/logo\/image\/","url":"https:\/\/www.minderheitensekretariat.de\/wp-content\/uploads\/2023\/03\/Min_sek_Logo_4c.jpg","contentUrl":"https:\/\/www.minderheitensekretariat.de\/wp-content\/uploads\/2023\/03\/Min_sek_Logo_4c.jpg","width":984,"height":236,"caption":"Minderheitensekretariat"},"image":{"@id":"https:\/\/www.minderheitensekretariat.de\/en\/#\/schema\/logo\/image\/"},"sameAs":["https:\/\/www.facebook.com\/minderheitensekretariat.de"]}]}},"_links":{"self":[{"href":"https:\/\/www.minderheitensekretariat.de\/en\/wp-json\/wp\/v2\/pages\/8767","targetHints":{"allow":["GET"]}}],"collection":[{"href":"https:\/\/www.minderheitensekretariat.de\/en\/wp-json\/wp\/v2\/pages"}],"about":[{"href":"https:\/\/www.minderheitensekretariat.de\/en\/wp-json\/wp\/v2\/types\/page"}],"author":[{"embeddable":true,"href":"https:\/\/www.minderheitensekretariat.de\/en\/wp-json\/wp\/v2\/users\/2"}],"replies":[{"embeddable":true,"href":"https:\/\/www.minderheitensekretariat.de\/en\/wp-json\/wp\/v2\/comments?post=8767"}],"version-history":[{"count":2,"href":"https:\/\/www.minderheitensekretariat.de\/en\/wp-json\/wp\/v2\/pages\/8767\/revisions"}],"predecessor-version":[{"id":20430,"href":"https:\/\/www.minderheitensekretariat.de\/en\/wp-json\/wp\/v2\/pages\/8767\/revisions\/20430"}],"wp:attachment":[{"href":"https:\/\/www.minderheitensekretariat.de\/en\/wp-json\/wp\/v2\/media?parent=8767"}],"curies":[{"name":"wp","href":"https:\/\/api.w.org\/{rel}","templated":true}]}}