{"id":15505,"date":"2022-08-10T10:17:21","date_gmt":"2022-08-10T08:17:21","guid":{"rendered":"https:\/\/www.minderheitensekretariat.de\/wahlpruefsteine-zur-bundestagswahl-2021\/"},"modified":"2023-09-20T09:14:27","modified_gmt":"2023-09-20T07:14:27","slug":"wahlpruefsteine-zur-bundestagswahl-2021","status":"publish","type":"page","link":"https:\/\/www.minderheitensekretariat.de\/nd\/wahlpruefsteine-zur-bundestagswahl-2021\/","title":{"rendered":"Wahlpr\u00fcfsteine zur Bundestagswahl 2021"},"content":{"rendered":"\t\t<div data-elementor-type=\"wp-page\" data-elementor-id=\"15505\" class=\"elementor elementor-15505 elementor-2668\" data-elementor-post-type=\"page\">\n\t\t\t\t\t\t<section class=\"elementor-section elementor-top-section elementor-element elementor-element-ca71e11 elementor-section-full_width elementor-section-content-top elementor-section-height-default elementor-section-height-default\" data-id=\"ca71e11\" data-element_type=\"section\" data-settings=\"{&quot;background_background&quot;:&quot;gradient&quot;}\">\n\t\t\t\t\t\t\t<div class=\"elementor-background-overlay\"><\/div>\n\t\t\t\t\t\t\t<div class=\"elementor-container elementor-column-gap-default\">\n\t\t\t\t\t<div class=\"elementor-column elementor-col-100 elementor-top-column elementor-element elementor-element-4b801b4\" data-id=\"4b801b4\" data-element_type=\"column\">\n\t\t\t<div class=\"elementor-widget-wrap elementor-element-populated\">\n\t\t\t\t\t\t<section class=\"elementor-section elementor-inner-section elementor-element elementor-element-9a87323 elementor-section-full_width elementor-section-height-min-height elementor-section-height-default\" data-id=\"9a87323\" data-element_type=\"section\">\n\t\t\t\t\t\t<div class=\"elementor-container elementor-column-gap-no\">\n\t\t\t\t\t<div class=\"elementor-column elementor-col-100 elementor-inner-column elementor-element elementor-element-1d127b9\" data-id=\"1d127b9\" data-element_type=\"column\" data-settings=\"{&quot;background_background&quot;:&quot;classic&quot;}\">\n\t\t\t<div class=\"elementor-widget-wrap elementor-element-populated\">\n\t\t\t\t\t<div class=\"elementor-background-overlay\"><\/div>\n\t\t\t\t\t\t<div class=\"elementor-element elementor-element-0df3ef1 elementor-widget-divider--view-line elementor-widget elementor-widget-divider\" data-id=\"0df3ef1\" data-element_type=\"widget\" data-widget_type=\"divider.default\">\n\t\t\t\t<div class=\"elementor-widget-container\">\n\t\t\t\t\t<div class=\"elementor-divider\">\n\t\t\t<span class=\"elementor-divider-separator\">\n\t\t\t\t\t\t<\/span>\n\t\t<\/div>\n\t\t\t\t<\/div>\n\t\t\t\t<\/div>\n\t\t\t\t\t<\/div>\n\t\t<\/div>\n\t\t\t\t\t<\/div>\n\t\t<\/section>\n\t\t\t\t<section class=\"elementor-section elementor-inner-section elementor-element elementor-element-ec4081f elementor-section-boxed elementor-section-height-default elementor-section-height-default\" data-id=\"ec4081f\" data-element_type=\"section\" data-settings=\"{&quot;background_background&quot;:&quot;classic&quot;}\">\n\t\t\t\t\t\t\t<div class=\"elementor-background-overlay\"><\/div>\n\t\t\t\t\t\t\t<div class=\"elementor-container elementor-column-gap-default\">\n\t\t\t\t\t<div class=\"elementor-column elementor-col-100 elementor-inner-column elementor-element elementor-element-235bb58\" data-id=\"235bb58\" data-element_type=\"column\">\n\t\t\t<div class=\"elementor-widget-wrap elementor-element-populated\">\n\t\t\t\t\t\t<div class=\"elementor-element elementor-element-1054adb elementor-widget elementor-widget-menu-anchor\" data-id=\"1054adb\" data-element_type=\"widget\" data-widget_type=\"menu-anchor.default\">\n\t\t\t\t<div class=\"elementor-widget-container\">\n\t\t\t\t\t<div class=\"elementor-menu-anchor\" id=\"mehr\"><\/div>\n\t\t\t\t<\/div>\n\t\t\t\t<\/div>\n\t\t\t\t<div class=\"elementor-element elementor-element-3cf2c2d elementor-widget elementor-widget-heading\" data-id=\"3cf2c2d\" data-element_type=\"widget\" data-widget_type=\"heading.default\">\n\t\t\t\t<div class=\"elementor-widget-container\">\n\t\t\t<h1 class=\"elementor-heading-title elementor-size-default\">WAHLPR\u00dcFSTEINE ZUR BUNDESTAGSWAHL 2021<\/h1>\t\t<\/div>\n\t\t\t\t<\/div>\n\t\t\t\t<div class=\"elementor-element elementor-element-bff7e04 elementor-widget-divider--view-line elementor-widget elementor-widget-global elementor-global-7771 elementor-widget-divider\" data-id=\"bff7e04\" data-element_type=\"widget\" data-widget_type=\"divider.default\">\n\t\t\t\t<div class=\"elementor-widget-container\">\n\t\t\t\t\t<div class=\"elementor-divider\">\n\t\t\t<span class=\"elementor-divider-separator\">\n\t\t\t\t\t\t<\/span>\n\t\t<\/div>\n\t\t\t\t<\/div>\n\t\t\t\t<\/div>\n\t\t\t\t<div class=\"elementor-element elementor-element-563c2c3 elementor-widget elementor-widget-text-editor\" data-id=\"563c2c3\" data-element_type=\"widget\" data-widget_type=\"text-editor.default\">\n\t\t\t\t<div class=\"elementor-widget-container\">\n\t\t\t\t\t\t\t<p>Der Minderheitenrat Deutschlands erstellt zu jeder Bundestagswahl Wahlpr\u00fcfsteine. Diese fassen die wesentlichen Erwartungen der in Deutschland lebenden und anerkannten Minderheiten und Volksgruppen an die Minderheitenpolitik in der neuen Legislaturperiode zusammen.<\/p>\n<p>Auch zur Bundestagswahl 2021 hat der Minderheitenrat Wahlpr\u00fcfsteine zusammengestellt. Die inhaltlichen Schwerpunkte fassen die Erwartungen an die Minderheitenpolitik in der 20. <br>Legislaturperiode des Deutschen Bundestages zusammen und beziehen sich auf:<\/p>\n<ol>\n<li>\n<h6><strong>Die Einf\u00fchrung eines Verbandsklagerechts f\u00fcr Dachverb\u00e4nde nationaler Minderheiten und Volksgruppen<\/strong><\/h6>\n<\/li>\n<li>\n<h6><strong>Die Aufnahme des Minderheitenschutzes in das Grundgesetz<\/strong><\/h6>\n<\/li>\n<li>\n<h6><strong>Mehrwert der Minderheiten f\u00fcr die Gesellschaft<\/strong><\/h6>\n<\/li>\n<li>\n<h6><strong>Kooperation mit Parteien nationaler Minderheiten auf Bundesebene<\/strong><\/h6>\n<\/li>\n<li>\n<h6><strong>Bundesweiter Strategischer Rahmen f\u00fcr die Bek\u00e4mpfung von Antiziganismus und die gleichberechtigte Teilhabe von Sinti und Roma<\/strong><\/h6>\n<\/li>\n<li>\n<h6><strong>Reform des Allgemeinen Gleichbehandlungsgesetzes (AGG)<\/strong><\/h6>\n<\/li>\n<li>\n<h6><strong>Europ\u00e4ische Grundwerte<\/strong><\/h6>\n<\/li>\n<li>\n<h6><strong>Europ\u00e4ische B\u00fcrgerinitiative Minority SafePack<\/strong><\/h6>\n<\/li>\n<\/ol>\n<p>Gefragt haben wir folgende Parteien: CDU\/CSU, SPD, Die Linke, B\u00fcndnis 90\/Die Gr\u00fcnen, FDP, AfD, VOLT, sowie deren Spitzenkandidaten und Spitzenkandidatinnen, wie sie zur Minderheitenpolitik stehen. Die AfD hat als einzige der angefragten Parteien nicht geantwortet.<br>Lesen Sie hier die <strong><a href=\"https:\/\/www.minderheitensekretariat.de\/wp-content\/uploads\/2022\/08\/Antworten_der_Fraktionen2021.pdf\"><span style=\"text-decoration: underline;\">ausf\u00fchrlichen Antworten<\/span><\/a><\/strong>.<\/p>\n<p>Auf einen Blick: Eine Zusammenfassung der Antworten finden Sie in tabellarischer Form <a href=\"https:\/\/www.minderheitensekretariat.de\/wp-content\/uploads\/2022\/08\/UEbersicht_Antworten_der_Fraktionen2021.pdf\"><span style=\"text-decoration: underline;\"><strong>hier<\/strong><\/span><\/a>.<\/p>\t\t\t\t\t\t<\/div>\n\t\t\t\t<\/div>\n\t\t\t\t\t<\/div>\n\t\t<\/div>\n\t\t\t\t\t<\/div>\n\t\t<\/section>\n\t\t\t\t\t<\/div>\n\t\t<\/div>\n\t\t\t\t\t<\/div>\n\t\t<\/section>\n\t\t\t\t<\/div>\n\t\t","protected":false},"excerpt":{"rendered":"<p>WAHLPR\u00dcFSTEINE ZUR BUNDESTAGSWAHL 2021 Der Minderheitenrat Deutschlands erstellt zu jeder Bundestagswahl Wahlpr\u00fcfsteine. Diese fassen die wesentlichen Erwartungen der in Deutschland lebenden und anerkannten Minderheiten und Volksgruppen an die Minderheitenpolitik in der neuen Legislaturperiode zusammen. Auch zur Bundestagswahl 2021 hat der Minderheitenrat Wahlpr\u00fcfsteine zusammengestellt. Die inhaltlichen Schwerpunkte fassen die Erwartungen an die Minderheitenpolitik in der 20. [&hellip;]<\/p>\n","protected":false},"author":2,"featured_media":0,"parent":0,"menu_order":0,"comment_status":"closed","ping_status":"closed","template":"elementor_header_footer","meta":{"footnotes":""},"class_list":["post-15505","page","type-page","status-publish","hentry"],"yoast_head":"<!-- This site is optimized with the Yoast SEO plugin v23.8 - https:\/\/yoast.com\/wordpress\/plugins\/seo\/ -->\n<title>Wahlpr\u00fcfsteine zur Bundestagswahl 2021 - Minderheitensekretariat<\/title>\n<meta name=\"robots\" content=\"index, follow, max-snippet:-1, max-image-preview:large, max-video-preview:-1\" \/>\n<link rel=\"canonical\" href=\"https:\/\/www.minderheitensekretariat.de\/nd\/wahlpruefsteine-zur-bundestagswahl-2021\/\" \/>\n<meta property=\"og:locale\" content=\"en_US\" \/>\n<meta property=\"og:type\" content=\"article\" \/>\n<meta property=\"og:title\" content=\"Wahlpr\u00fcfsteine zur Bundestagswahl 2021 - Minderheitensekretariat\" \/>\n<meta property=\"og:description\" content=\"WAHLPR\u00dcFSTEINE ZUR BUNDESTAGSWAHL 2021 Der Minderheitenrat Deutschlands erstellt zu jeder Bundestagswahl Wahlpr\u00fcfsteine. Diese fassen die wesentlichen Erwartungen der in Deutschland lebenden und anerkannten Minderheiten und Volksgruppen an die Minderheitenpolitik in der neuen Legislaturperiode zusammen. Auch zur Bundestagswahl 2021 hat der Minderheitenrat Wahlpr\u00fcfsteine zusammengestellt. Die inhaltlichen Schwerpunkte fassen die Erwartungen an die Minderheitenpolitik in der 20. [&hellip;]\" \/>\n<meta property=\"og:url\" content=\"https:\/\/www.minderheitensekretariat.de\/nd\/wahlpruefsteine-zur-bundestagswahl-2021\/\" \/>\n<meta property=\"og:site_name\" content=\"Minderheitensekretariat\" \/>\n<meta property=\"article:publisher\" content=\"https:\/\/www.facebook.com\/minderheitensekretariat.de\" \/>\n<meta property=\"article:modified_time\" content=\"2023-09-20T07:14:27+00:00\" \/>\n<meta name=\"twitter:card\" content=\"summary_large_image\" \/>\n<meta name=\"twitter:label1\" content=\"Est. reading time\" \/>\n\t<meta name=\"twitter:data1\" content=\"1 minute\" \/>\n<script type=\"application\/ld+json\" class=\"yoast-schema-graph\">{\"@context\":\"https:\/\/schema.org\",\"@graph\":[{\"@type\":\"WebPage\",\"@id\":\"https:\/\/www.minderheitensekretariat.de\/nd\/wahlpruefsteine-zur-bundestagswahl-2021\/\",\"url\":\"https:\/\/www.minderheitensekretariat.de\/nd\/wahlpruefsteine-zur-bundestagswahl-2021\/\",\"name\":\"Wahlpr\u00fcfsteine zur Bundestagswahl 2021 - Minderheitensekretariat\",\"isPartOf\":{\"@id\":\"https:\/\/www.minderheitensekretariat.de\/nd\/#website\"},\"datePublished\":\"2022-08-10T08:17:21+00:00\",\"dateModified\":\"2023-09-20T07:14:27+00:00\",\"breadcrumb\":{\"@id\":\"https:\/\/www.minderheitensekretariat.de\/nd\/wahlpruefsteine-zur-bundestagswahl-2021\/#breadcrumb\"},\"inLanguage\":\"nd-ND\",\"potentialAction\":[{\"@type\":\"ReadAction\",\"target\":[\"https:\/\/www.minderheitensekretariat.de\/nd\/wahlpruefsteine-zur-bundestagswahl-2021\/\"]}]},{\"@type\":\"BreadcrumbList\",\"@id\":\"https:\/\/www.minderheitensekretariat.de\/nd\/wahlpruefsteine-zur-bundestagswahl-2021\/#breadcrumb\",\"itemListElement\":[{\"@type\":\"ListItem\",\"position\":1,\"name\":\"Startseite\",\"item\":\"https:\/\/www.minderheitensekretariat.de\/nd\/\"},{\"@type\":\"ListItem\",\"position\":2,\"name\":\"Wahlpr\u00fcfsteine zur Bundestagswahl 2021\"}]},{\"@type\":\"WebSite\",\"@id\":\"https:\/\/www.minderheitensekretariat.de\/nd\/#website\",\"url\":\"https:\/\/www.minderheitensekretariat.de\/nd\/\",\"name\":\"Minderheitensekretariat\",\"description\":\"\",\"publisher\":{\"@id\":\"https:\/\/www.minderheitensekretariat.de\/nd\/#organization\"},\"potentialAction\":[{\"@type\":\"SearchAction\",\"target\":{\"@type\":\"EntryPoint\",\"urlTemplate\":\"https:\/\/www.minderheitensekretariat.de\/nd\/?s={search_term_string}\"},\"query-input\":{\"@type\":\"PropertyValueSpecification\",\"valueRequired\":true,\"valueName\":\"search_term_string\"}}],\"inLanguage\":\"nd-ND\"},{\"@type\":\"Organization\",\"@id\":\"https:\/\/www.minderheitensekretariat.de\/nd\/#organization\",\"name\":\"Minderheitensekretariat\",\"url\":\"https:\/\/www.minderheitensekretariat.de\/nd\/\",\"logo\":{\"@type\":\"ImageObject\",\"inLanguage\":\"nd-ND\",\"@id\":\"https:\/\/www.minderheitensekretariat.de\/nd\/#\/schema\/logo\/image\/\",\"url\":\"https:\/\/www.minderheitensekretariat.de\/wp-content\/uploads\/2023\/03\/Min_sek_Logo_4c.jpg\",\"contentUrl\":\"https:\/\/www.minderheitensekretariat.de\/wp-content\/uploads\/2023\/03\/Min_sek_Logo_4c.jpg\",\"width\":984,\"height\":236,\"caption\":\"Minderheitensekretariat\"},\"image\":{\"@id\":\"https:\/\/www.minderheitensekretariat.de\/nd\/#\/schema\/logo\/image\/\"},\"sameAs\":[\"https:\/\/www.facebook.com\/minderheitensekretariat.de\"]}]}<\/script>\n<!-- \/ Yoast SEO plugin. -->","yoast_head_json":{"title":"Wahlpr\u00fcfsteine zur Bundestagswahl 2021 - Minderheitensekretariat","robots":{"index":"index","follow":"follow","max-snippet":"max-snippet:-1","max-image-preview":"max-image-preview:large","max-video-preview":"max-video-preview:-1"},"canonical":"https:\/\/www.minderheitensekretariat.de\/nd\/wahlpruefsteine-zur-bundestagswahl-2021\/","og_locale":"en_US","og_type":"article","og_title":"Wahlpr\u00fcfsteine zur Bundestagswahl 2021 - Minderheitensekretariat","og_description":"WAHLPR\u00dcFSTEINE ZUR BUNDESTAGSWAHL 2021 Der Minderheitenrat Deutschlands erstellt zu jeder Bundestagswahl Wahlpr\u00fcfsteine. Diese fassen die wesentlichen Erwartungen der in Deutschland lebenden und anerkannten Minderheiten und Volksgruppen an die Minderheitenpolitik in der neuen Legislaturperiode zusammen. Auch zur Bundestagswahl 2021 hat der Minderheitenrat Wahlpr\u00fcfsteine zusammengestellt. Die inhaltlichen Schwerpunkte fassen die Erwartungen an die Minderheitenpolitik in der 20. [&hellip;]","og_url":"https:\/\/www.minderheitensekretariat.de\/nd\/wahlpruefsteine-zur-bundestagswahl-2021\/","og_site_name":"Minderheitensekretariat","article_publisher":"https:\/\/www.facebook.com\/minderheitensekretariat.de","article_modified_time":"2023-09-20T07:14:27+00:00","twitter_card":"summary_large_image","twitter_misc":{"Est. reading time":"1 minute"},"schema":{"@context":"https:\/\/schema.org","@graph":[{"@type":"WebPage","@id":"https:\/\/www.minderheitensekretariat.de\/nd\/wahlpruefsteine-zur-bundestagswahl-2021\/","url":"https:\/\/www.minderheitensekretariat.de\/nd\/wahlpruefsteine-zur-bundestagswahl-2021\/","name":"Wahlpr\u00fcfsteine zur Bundestagswahl 2021 - Minderheitensekretariat","isPartOf":{"@id":"https:\/\/www.minderheitensekretariat.de\/nd\/#website"},"datePublished":"2022-08-10T08:17:21+00:00","dateModified":"2023-09-20T07:14:27+00:00","breadcrumb":{"@id":"https:\/\/www.minderheitensekretariat.de\/nd\/wahlpruefsteine-zur-bundestagswahl-2021\/#breadcrumb"},"inLanguage":"nd-ND","potentialAction":[{"@type":"ReadAction","target":["https:\/\/www.minderheitensekretariat.de\/nd\/wahlpruefsteine-zur-bundestagswahl-2021\/"]}]},{"@type":"BreadcrumbList","@id":"https:\/\/www.minderheitensekretariat.de\/nd\/wahlpruefsteine-zur-bundestagswahl-2021\/#breadcrumb","itemListElement":[{"@type":"ListItem","position":1,"name":"Startseite","item":"https:\/\/www.minderheitensekretariat.de\/nd\/"},{"@type":"ListItem","position":2,"name":"Wahlpr\u00fcfsteine zur Bundestagswahl 2021"}]},{"@type":"WebSite","@id":"https:\/\/www.minderheitensekretariat.de\/nd\/#website","url":"https:\/\/www.minderheitensekretariat.de\/nd\/","name":"Minderheitensekretariat","description":"","publisher":{"@id":"https:\/\/www.minderheitensekretariat.de\/nd\/#organization"},"potentialAction":[{"@type":"SearchAction","target":{"@type":"EntryPoint","urlTemplate":"https:\/\/www.minderheitensekretariat.de\/nd\/?s={search_term_string}"},"query-input":{"@type":"PropertyValueSpecification","valueRequired":true,"valueName":"search_term_string"}}],"inLanguage":"nd-ND"},{"@type":"Organization","@id":"https:\/\/www.minderheitensekretariat.de\/nd\/#organization","name":"Minderheitensekretariat","url":"https:\/\/www.minderheitensekretariat.de\/nd\/","logo":{"@type":"ImageObject","inLanguage":"nd-ND","@id":"https:\/\/www.minderheitensekretariat.de\/nd\/#\/schema\/logo\/image\/","url":"https:\/\/www.minderheitensekretariat.de\/wp-content\/uploads\/2023\/03\/Min_sek_Logo_4c.jpg","contentUrl":"https:\/\/www.minderheitensekretariat.de\/wp-content\/uploads\/2023\/03\/Min_sek_Logo_4c.jpg","width":984,"height":236,"caption":"Minderheitensekretariat"},"image":{"@id":"https:\/\/www.minderheitensekretariat.de\/nd\/#\/schema\/logo\/image\/"},"sameAs":["https:\/\/www.facebook.com\/minderheitensekretariat.de"]}]}},"_links":{"self":[{"href":"https:\/\/www.minderheitensekretariat.de\/nd\/wp-json\/wp\/v2\/pages\/15505","targetHints":{"allow":["GET"]}}],"collection":[{"href":"https:\/\/www.minderheitensekretariat.de\/nd\/wp-json\/wp\/v2\/pages"}],"about":[{"href":"https:\/\/www.minderheitensekretariat.de\/nd\/wp-json\/wp\/v2\/types\/page"}],"author":[{"embeddable":true,"href":"https:\/\/www.minderheitensekretariat.de\/nd\/wp-json\/wp\/v2\/users\/2"}],"replies":[{"embeddable":true,"href":"https:\/\/www.minderheitensekretariat.de\/nd\/wp-json\/wp\/v2\/comments?post=15505"}],"version-history":[{"count":2,"href":"https:\/\/www.minderheitensekretariat.de\/nd\/wp-json\/wp\/v2\/pages\/15505\/revisions"}],"predecessor-version":[{"id":15512,"href":"https:\/\/www.minderheitensekretariat.de\/nd\/wp-json\/wp\/v2\/pages\/15505\/revisions\/15512"}],"wp:attachment":[{"href":"https:\/\/www.minderheitensekretariat.de\/nd\/wp-json\/wp\/v2\/media?parent=15505"}],"curies":[{"name":"wp","href":"https:\/\/api.w.org\/{rel}","templated":true}]}}