{"id":15124,"date":"2022-07-13T09:20:16","date_gmt":"2022-07-13T07:20:16","guid":{"rendered":"https:\/\/www.minderheitensekretariat.de\/ouersacht-aen-hue-da-manerhaeide-ja-seelew-ferstoenje\/"},"modified":"2022-07-13T09:20:16","modified_gmt":"2022-07-13T07:20:16","slug":"ouersacht-aen-hue-da-manerhaeide-ja-seelew-ferstoenje","status":"publish","type":"page","link":"https:\/\/www.minderheitensekretariat.de\/nf\/ouersacht-aen-hue-da-manerhaeide-ja-seelew-ferstoenje\/","title":{"rendered":"Ouersacht \u00e4n h\u00fc da manerh\u00e4ide ja seelew ferst\u00f6nje"},"content":{"rendered":"","protected":false},"excerpt":{"rendered":"","protected":false},"author":1,"featured_media":0,"parent":0,"menu_order":0,"comment_status":"closed","ping_status":"closed","template":"elementor_header_footer","meta":{"footnotes":""},"class_list":["post-15124","page","type-page","status-publish","hentry"],"yoast_head":"<!-- This site is optimized with the Yoast SEO plugin v23.8 - https:\/\/yoast.com\/wordpress\/plugins\/seo\/ -->\n<title>Ouersacht \u00e4n h\u00fc da manerh\u00e4ide ja seelew ferst\u00f6nje - Minderheitensekretariat<\/title>\n<meta name=\"robots\" content=\"index, follow, max-snippet:-1, max-image-preview:large, max-video-preview:-1\" \/>\n<link rel=\"canonical\" href=\"https:\/\/www.minderheitensekretariat.de\/nf\/ouersacht-aen-hue-da-manerhaeide-ja-seelew-ferstoenje\/\" \/>\n<meta property=\"og:locale\" content=\"en_US\" \/>\n<meta property=\"og:type\" content=\"article\" \/>\n<meta property=\"og:title\" content=\"Ouersacht \u00e4n h\u00fc da manerh\u00e4ide ja seelew ferst\u00f6nje - Minderheitensekretariat\" \/>\n<meta property=\"og:url\" content=\"https:\/\/www.minderheitensekretariat.de\/nf\/ouersacht-aen-hue-da-manerhaeide-ja-seelew-ferstoenje\/\" \/>\n<meta property=\"og:site_name\" content=\"Minderheitensekretariat\" \/>\n<meta property=\"article:publisher\" content=\"https:\/\/www.facebook.com\/minderheitensekretariat.de\" \/>\n<meta name=\"twitter:card\" content=\"summary_large_image\" \/>\n<script type=\"application\/ld+json\" class=\"yoast-schema-graph\">{\"@context\":\"https:\/\/schema.org\",\"@graph\":[{\"@type\":\"WebPage\",\"@id\":\"https:\/\/www.minderheitensekretariat.de\/nf\/ouersacht-aen-hue-da-manerhaeide-ja-seelew-ferstoenje\/\",\"url\":\"https:\/\/www.minderheitensekretariat.de\/nf\/ouersacht-aen-hue-da-manerhaeide-ja-seelew-ferstoenje\/\",\"name\":\"Ouersacht \u00e4n h\u00fc da manerh\u00e4ide ja seelew ferst\u00f6nje - Minderheitensekretariat\",\"isPartOf\":{\"@id\":\"https:\/\/www.minderheitensekretariat.de\/nf\/#website\"},\"datePublished\":\"2022-07-13T07:20:16+00:00\",\"dateModified\":\"2022-07-13T07:20:16+00:00\",\"breadcrumb\":{\"@id\":\"https:\/\/www.minderheitensekretariat.de\/nf\/ouersacht-aen-hue-da-manerhaeide-ja-seelew-ferstoenje\/#breadcrumb\"},\"inLanguage\":\"nf-NF\",\"potentialAction\":[{\"@type\":\"ReadAction\",\"target\":[\"https:\/\/www.minderheitensekretariat.de\/nf\/ouersacht-aen-hue-da-manerhaeide-ja-seelew-ferstoenje\/\"]}]},{\"@type\":\"BreadcrumbList\",\"@id\":\"https:\/\/www.minderheitensekretariat.de\/nf\/ouersacht-aen-hue-da-manerhaeide-ja-seelew-ferstoenje\/#breadcrumb\",\"itemListElement\":[{\"@type\":\"ListItem\",\"position\":1,\"name\":\"Startseite\",\"item\":\"https:\/\/www.minderheitensekretariat.de\/nf\/\"},{\"@type\":\"ListItem\",\"position\":2,\"name\":\"Ouersacht \u00e4n h\u00fc da manerh\u00e4ide ja seelew ferst\u00f6nje\"}]},{\"@type\":\"WebSite\",\"@id\":\"https:\/\/www.minderheitensekretariat.de\/nf\/#website\",\"url\":\"https:\/\/www.minderheitensekretariat.de\/nf\/\",\"name\":\"Minderheitensekretariat\",\"description\":\"\",\"publisher\":{\"@id\":\"https:\/\/www.minderheitensekretariat.de\/nf\/#organization\"},\"potentialAction\":[{\"@type\":\"SearchAction\",\"target\":{\"@type\":\"EntryPoint\",\"urlTemplate\":\"https:\/\/www.minderheitensekretariat.de\/nf\/?s={search_term_string}\"},\"query-input\":{\"@type\":\"PropertyValueSpecification\",\"valueRequired\":true,\"valueName\":\"search_term_string\"}}],\"inLanguage\":\"nf-NF\"},{\"@type\":\"Organization\",\"@id\":\"https:\/\/www.minderheitensekretariat.de\/nf\/#organization\",\"name\":\"Minderheitensekretariat\",\"url\":\"https:\/\/www.minderheitensekretariat.de\/nf\/\",\"logo\":{\"@type\":\"ImageObject\",\"inLanguage\":\"nf-NF\",\"@id\":\"https:\/\/www.minderheitensekretariat.de\/nf\/#\/schema\/logo\/image\/\",\"url\":\"https:\/\/www.minderheitensekretariat.de\/wp-content\/uploads\/2023\/03\/Min_sek_Logo_4c.jpg\",\"contentUrl\":\"https:\/\/www.minderheitensekretariat.de\/wp-content\/uploads\/2023\/03\/Min_sek_Logo_4c.jpg\",\"width\":984,\"height\":236,\"caption\":\"Minderheitensekretariat\"},\"image\":{\"@id\":\"https:\/\/www.minderheitensekretariat.de\/nf\/#\/schema\/logo\/image\/\"},\"sameAs\":[\"https:\/\/www.facebook.com\/minderheitensekretariat.de\"]}]}<\/script>\n<!-- \/ Yoast SEO plugin. -->","yoast_head_json":{"title":"Ouersacht \u00e4n h\u00fc da manerh\u00e4ide ja seelew ferst\u00f6nje - Minderheitensekretariat","robots":{"index":"index","follow":"follow","max-snippet":"max-snippet:-1","max-image-preview":"max-image-preview:large","max-video-preview":"max-video-preview:-1"},"canonical":"https:\/\/www.minderheitensekretariat.de\/nf\/ouersacht-aen-hue-da-manerhaeide-ja-seelew-ferstoenje\/","og_locale":"en_US","og_type":"article","og_title":"Ouersacht \u00e4n h\u00fc da manerh\u00e4ide ja seelew ferst\u00f6nje - Minderheitensekretariat","og_url":"https:\/\/www.minderheitensekretariat.de\/nf\/ouersacht-aen-hue-da-manerhaeide-ja-seelew-ferstoenje\/","og_site_name":"Minderheitensekretariat","article_publisher":"https:\/\/www.facebook.com\/minderheitensekretariat.de","twitter_card":"summary_large_image","schema":{"@context":"https:\/\/schema.org","@graph":[{"@type":"WebPage","@id":"https:\/\/www.minderheitensekretariat.de\/nf\/ouersacht-aen-hue-da-manerhaeide-ja-seelew-ferstoenje\/","url":"https:\/\/www.minderheitensekretariat.de\/nf\/ouersacht-aen-hue-da-manerhaeide-ja-seelew-ferstoenje\/","name":"Ouersacht \u00e4n h\u00fc da manerh\u00e4ide ja seelew ferst\u00f6nje - Minderheitensekretariat","isPartOf":{"@id":"https:\/\/www.minderheitensekretariat.de\/nf\/#website"},"datePublished":"2022-07-13T07:20:16+00:00","dateModified":"2022-07-13T07:20:16+00:00","breadcrumb":{"@id":"https:\/\/www.minderheitensekretariat.de\/nf\/ouersacht-aen-hue-da-manerhaeide-ja-seelew-ferstoenje\/#breadcrumb"},"inLanguage":"nf-NF","potentialAction":[{"@type":"ReadAction","target":["https:\/\/www.minderheitensekretariat.de\/nf\/ouersacht-aen-hue-da-manerhaeide-ja-seelew-ferstoenje\/"]}]},{"@type":"BreadcrumbList","@id":"https:\/\/www.minderheitensekretariat.de\/nf\/ouersacht-aen-hue-da-manerhaeide-ja-seelew-ferstoenje\/#breadcrumb","itemListElement":[{"@type":"ListItem","position":1,"name":"Startseite","item":"https:\/\/www.minderheitensekretariat.de\/nf\/"},{"@type":"ListItem","position":2,"name":"Ouersacht \u00e4n h\u00fc da manerh\u00e4ide ja seelew ferst\u00f6nje"}]},{"@type":"WebSite","@id":"https:\/\/www.minderheitensekretariat.de\/nf\/#website","url":"https:\/\/www.minderheitensekretariat.de\/nf\/","name":"Minderheitensekretariat","description":"","publisher":{"@id":"https:\/\/www.minderheitensekretariat.de\/nf\/#organization"},"potentialAction":[{"@type":"SearchAction","target":{"@type":"EntryPoint","urlTemplate":"https:\/\/www.minderheitensekretariat.de\/nf\/?s={search_term_string}"},"query-input":{"@type":"PropertyValueSpecification","valueRequired":true,"valueName":"search_term_string"}}],"inLanguage":"nf-NF"},{"@type":"Organization","@id":"https:\/\/www.minderheitensekretariat.de\/nf\/#organization","name":"Minderheitensekretariat","url":"https:\/\/www.minderheitensekretariat.de\/nf\/","logo":{"@type":"ImageObject","inLanguage":"nf-NF","@id":"https:\/\/www.minderheitensekretariat.de\/nf\/#\/schema\/logo\/image\/","url":"https:\/\/www.minderheitensekretariat.de\/wp-content\/uploads\/2023\/03\/Min_sek_Logo_4c.jpg","contentUrl":"https:\/\/www.minderheitensekretariat.de\/wp-content\/uploads\/2023\/03\/Min_sek_Logo_4c.jpg","width":984,"height":236,"caption":"Minderheitensekretariat"},"image":{"@id":"https:\/\/www.minderheitensekretariat.de\/nf\/#\/schema\/logo\/image\/"},"sameAs":["https:\/\/www.facebook.com\/minderheitensekretariat.de"]}]}},"_links":{"self":[{"href":"https:\/\/www.minderheitensekretariat.de\/nf\/wp-json\/wp\/v2\/pages\/15124","targetHints":{"allow":["GET"]}}],"collection":[{"href":"https:\/\/www.minderheitensekretariat.de\/nf\/wp-json\/wp\/v2\/pages"}],"about":[{"href":"https:\/\/www.minderheitensekretariat.de\/nf\/wp-json\/wp\/v2\/types\/page"}],"author":[{"embeddable":true,"href":"https:\/\/www.minderheitensekretariat.de\/nf\/wp-json\/wp\/v2\/users\/1"}],"replies":[{"embeddable":true,"href":"https:\/\/www.minderheitensekretariat.de\/nf\/wp-json\/wp\/v2\/comments?post=15124"}],"version-history":[{"count":0,"href":"https:\/\/www.minderheitensekretariat.de\/nf\/wp-json\/wp\/v2\/pages\/15124\/revisions"}],"wp:attachment":[{"href":"https:\/\/www.minderheitensekretariat.de\/nf\/wp-json\/wp\/v2\/media?parent=15124"}],"curies":[{"name":"wp","href":"https:\/\/api.w.org\/{rel}","templated":true}]}}