{"id":14772,"date":"2022-08-10T10:20:22","date_gmt":"2022-08-10T08:20:22","guid":{"rendered":"https:\/\/www.minderheitensekretariat.de\/minority-safepack-initiative-mspi\/"},"modified":"2025-05-14T11:01:56","modified_gmt":"2025-05-14T09:01:56","slug":"minority-safepack-initiative-mspi","status":"publish","type":"page","link":"https:\/\/www.minderheitensekretariat.de\/ns\/minority-safepack-initiative-mspi\/","title":{"rendered":"Minority SafePack Initiative (MSPI)"},"content":{"rendered":"\t\t<div data-elementor-type=\"wp-page\" data-elementor-id=\"14772\" class=\"elementor elementor-14772 elementor-2673\" data-elementor-post-type=\"page\">\n\t\t\t\t\t\t<section class=\"elementor-section elementor-top-section elementor-element elementor-element-ca71e11 elementor-section-full_width elementor-section-content-top elementor-section-height-default elementor-section-height-default\" data-id=\"ca71e11\" data-element_type=\"section\" data-settings=\"{&quot;background_background&quot;:&quot;gradient&quot;}\">\n\t\t\t\t\t\t\t<div class=\"elementor-background-overlay\"><\/div>\n\t\t\t\t\t\t\t<div class=\"elementor-container elementor-column-gap-default\">\n\t\t\t\t\t<div class=\"elementor-column elementor-col-100 elementor-top-column elementor-element elementor-element-4b801b4\" data-id=\"4b801b4\" data-element_type=\"column\">\n\t\t\t<div class=\"elementor-widget-wrap elementor-element-populated\">\n\t\t\t\t\t\t<section class=\"elementor-section elementor-inner-section elementor-element elementor-element-9a87323 elementor-section-full_width elementor-section-height-min-height elementor-section-height-default\" data-id=\"9a87323\" data-element_type=\"section\">\n\t\t\t\t\t\t<div class=\"elementor-container elementor-column-gap-no\">\n\t\t\t\t\t<div class=\"elementor-column elementor-col-100 elementor-inner-column elementor-element elementor-element-1d127b9\" data-id=\"1d127b9\" data-element_type=\"column\" data-settings=\"{&quot;background_background&quot;:&quot;classic&quot;}\">\n\t\t\t<div class=\"elementor-widget-wrap elementor-element-populated\">\n\t\t\t\t\t<div class=\"elementor-background-overlay\"><\/div>\n\t\t\t\t\t\t<div class=\"elementor-element elementor-element-0df3ef1 elementor-widget-divider--view-line elementor-widget elementor-widget-divider\" data-id=\"0df3ef1\" data-element_type=\"widget\" data-widget_type=\"divider.default\">\n\t\t\t\t<div class=\"elementor-widget-container\">\n\t\t\t\t\t<div class=\"elementor-divider\">\n\t\t\t<span class=\"elementor-divider-separator\">\n\t\t\t\t\t\t<\/span>\n\t\t<\/div>\n\t\t\t\t<\/div>\n\t\t\t\t<\/div>\n\t\t\t\t\t<\/div>\n\t\t<\/div>\n\t\t\t\t\t<\/div>\n\t\t<\/section>\n\t\t\t\t<section class=\"elementor-section elementor-inner-section elementor-element elementor-element-ec4081f elementor-section-boxed elementor-section-height-default elementor-section-height-default\" data-id=\"ec4081f\" data-element_type=\"section\" data-settings=\"{&quot;background_background&quot;:&quot;classic&quot;}\">\n\t\t\t\t\t\t\t<div class=\"elementor-background-overlay\"><\/div>\n\t\t\t\t\t\t\t<div class=\"elementor-container elementor-column-gap-default\">\n\t\t\t\t\t<div class=\"elementor-column elementor-col-100 elementor-inner-column elementor-element elementor-element-235bb58\" data-id=\"235bb58\" data-element_type=\"column\">\n\t\t\t<div class=\"elementor-widget-wrap elementor-element-populated\">\n\t\t\t\t\t\t<div class=\"elementor-element elementor-element-1054adb elementor-widget elementor-widget-menu-anchor\" data-id=\"1054adb\" data-element_type=\"widget\" data-widget_type=\"menu-anchor.default\">\n\t\t\t\t<div class=\"elementor-widget-container\">\n\t\t\t\t\t<div class=\"elementor-menu-anchor\" id=\"mehr\"><\/div>\n\t\t\t\t<\/div>\n\t\t\t\t<\/div>\n\t\t\t\t<div class=\"elementor-element elementor-element-4b101b3 elementor-widget elementor-widget-heading\" data-id=\"4b101b3\" data-element_type=\"widget\" data-widget_type=\"heading.default\">\n\t\t\t\t<div class=\"elementor-widget-container\">\n\t\t\t<h1 class=\"elementor-heading-title elementor-size-default\">MINORITY SAFEPACK INITIATIVE (MSPI)<\/h1>\t\t<\/div>\n\t\t\t\t<\/div>\n\t\t\t\t<div class=\"elementor-element elementor-element-1db3b37 elementor-widget-divider--view-line elementor-widget elementor-widget-divider\" data-id=\"1db3b37\" data-element_type=\"widget\" data-widget_type=\"divider.default\">\n\t\t\t\t<div class=\"elementor-widget-container\">\n\t\t\t\t\t<div class=\"elementor-divider\">\n\t\t\t<span class=\"elementor-divider-separator\">\n\t\t\t\t\t\t<\/span>\n\t\t<\/div>\n\t\t\t\t<\/div>\n\t\t\t\t<\/div>\n\t\t\t\t<div class=\"elementor-element elementor-element-563c2c3 elementor-widget elementor-widget-text-editor\" data-id=\"563c2c3\" data-element_type=\"widget\" data-widget_type=\"text-editor.default\">\n\t\t\t\t<div class=\"elementor-widget-container\">\n\t\t\t\t\t\t\t<p><strong>Du bist nicht allein. Eine Million Unterschriften f\u00fcr die Vielfalt Europas.<\/strong><\/p><p>In der Europ\u00e4ischen Union leben etwa 50 Millionen Menschen, die einer nationalen Minderheit oder Sprachminderheit angeh\u00f6ren. Allein in der EU gibt es neben den 24 Amtssprachen \u00fcber 60 Regional- oder Minderheitensprachen: <strong>Europas bestgeh\u00fctetes Geheimnis!<\/strong><\/p><p>Diese Minderheiten leisten einen wertvollen Beitrag zur sprachlichen und kulturellen Vielfalt Europas. Gemeinsam mit anderen Europ\u00e4ern und Europ\u00e4erinnen wollen sie die Zukunft der Europ\u00e4ischen Union mitgestalten; eine Zukunft, in der nicht nur offizielle Landessprachen und vorherrschende Kulturen, sondern auch autochthone Minderheiten ber\u00fccksichtigt werden. Zum Erhalt ihrer Identit\u00e4t ben\u00f6tigen die Minderheiten Schutz und Unterst\u00fctzung. Dies wollen wir mit der Minority SafePack Initiative erreichen.<\/p><h4 style=\"text-align: center;\"><b>Minderheiten machen Europa reicher!<\/b><\/h4><p>Die Rechte nationaler Minderheiten und Sprachminderheiten werden nicht immer respektiert. In vielen F\u00e4llen sind ihre Sprache, Kultur und Traditionen gef\u00e4hrdet. Wenn wir die Vielfalt Europas erhalten wollen, ist es an der Zeit, auch die Werte der Minderheiten anzuerkennen und zu f\u00f6rdern.<\/p><p>Die <a href=\"http:\/\/minority-safepack.eu\/\"><span style=\"text-decoration: underline;\">Minority SafePack Initiative<\/span><\/a> zielt keinesfalls darauf ab, der Mehrheitsgemeinschaft oder Europa etwas wegzunehmen. Sie m\u00f6chte lediglich zur sprachlichen und kulturellen Vielfalt dieser beitragen.<\/p><p>Die im Minderheitenrat vertretenen Organisationen sind Mitglieder der <a href=\"https:\/\/fuen.org\/\"><span style=\"text-decoration: underline;\">F\u00f6deralistischen Union Europ\u00e4ischer Nationalit\u00e4ten (FUEN)<\/span><\/a>. Sie haben gemeinsam mit den \u00fcber 90 FUEN-Mitgliedsorganisationen diese Europ\u00e4ische B\u00fcrgerinitiative auf den Weg gebracht. Das Vorhaben ist die bedeutendste solidarische Aktion der Minderheiten in Europa der letzten Jahrzehnte.<\/p><p>Von einem Team von Experten und Expertinnen erarbeitet, enth\u00e4lt das <a href=\"http:\/\/www.minority-safepack.eu\/assets\/downloads\/booklet-minority-safepack-de.pdf\"><span style=\"text-decoration: underline;\">Minority SafePack<\/span><\/a> ein B\u00fcndel an Ma\u00dfnahmen und konkreten Rechtsakten zur F\u00f6rderung und zum Schutz der europ\u00e4ischen Minderheiten sowie der Regional- und Minderheitensprachen. Diese umfassen politische Ma\u00dfnahmen in den Bereichen Regional- und Minderheitensprachen, Bildung und Kultur, Regionalpolitik, Partizipation, Gleichheit, audiovisuelle Mediendienste und andere mediale Inhalte sowie regionale (staatliche) F\u00f6rderungen.<\/p><p>Die Minderheiten haben in einer noch nie da gewesenen, solidarischen Aktion zwischen M\u00e4rz 2017 und M\u00e4rz 2018 mehr als 1,2 Millionen Unterschriften f\u00fcr die Vielfalt in Europa gesammelt. Bei der am 15. Oktober 2020 stattfindenden Anh\u00f6rung im Europ\u00e4ischen Parlament hat die \u00fcberw\u00e4ltigende Mehrheit der Europaabgeordneten ihre Unterst\u00fctzung f\u00fcr die Forderungen der Minority SafePack Initiative zum Ausdruck gebracht. Am 17. Dezember 2020 hat eine gro\u00dfe Mehrheit im Europ\u00e4ischen Parlament \u2013 mit 524 von 694 Stimmen \u2013 eine Resolution zur Unterst\u00fctzung der Initiative angenommen. Damit ist die MSPI die erste Europ\u00e4ische B\u00fcrgerinitiative, auf deren Grundlage eine Plenardebatte einberufen sowie eine Resolution vom Europ\u00e4ischen Parlament angenommen wurde. Die positive Entwicklung best\u00e4tigte, dass es gemeinsam gelungen ist den Entscheidungstr\u00e4gern in Br\u00fcssel und in den Staaten Europas zu zeigen: Wir sind hier, wir sind viele und wollen mitgestalten und mitentscheiden.<\/p><p>\u00a0<\/p><h4 style=\"text-align: center;\"><b>Ablehnung durch die EU-Kommission<\/b><\/h4><div>\u00a0<\/div><p>Der R\u00fcckschlag folgte jedoch kurz darauf: Am 14. Januar 2021 hat die Europ\u00e4ische Kommission beschlossen, die Stimmen von mehr als einer Million europ\u00e4ischer B\u00fcrger*innen sowie des Europ\u00e4ischen Parlaments zu ignorieren und <a href=\"https:\/\/ec.europa.eu\/transparency\/regdoc\/rep\/3\/2021\/EN\/C-2021-171-F1-EN-MAIN-PART-1.PDF\">keine gesetzliche Regelung<\/a> zum Schutz der nationalen und sprachlichen Minderheiten im Rahmen der Europ\u00e4ischen B\u00fcrgerinitiative Minority SafePack auf den Weg zu bringen.<\/p><p>Mit Unverst\u00e4ndnis und Kritik hat der Minderheitenrat der vier autochthonen nationalen Minderheiten und Volksgruppen auf die Entscheidung der Europ\u00e4ischen Kommission reagiert (siehe <span style=\"text-decoration: underline;\"><a href=\"https:\/\/www.minderheitensekretariat.de\/ns\/aktualne\/?tx_vvnewssystem_pi2%5Baction%5D=show&amp;tx_vvnewssystem_pi2%5Barticle%5D=1010&amp;tx_vvnewssystem_pi2%5Bcontroller%5D=Article&amp;cHash=9c5f6600ef485f2ee8c13c12269af71c\">Stellungnahme vom 29.01.2021<\/a><\/span>). Der Minderheitenrat fordert von der Bundespolitik ein deutliches Signal an die Kommission, ihre Entscheidung gegen die MSPI zu revidieren.<\/p><p>Umso erfreulicher ist es, dass die Ampel-Koalition, bestehend aus SPD, B\u00fcndnis 90\/Die Gr\u00fcnen und FDP, am 24.11. 2021 im Koalitionsvertrag festgelegt hat, die MSPI in Deutschland proaktiv umzusetzen und Projekte f\u00fcr den Erhalt und F\u00f6rderung der Minderheiten auszubauen. Es bleibt abzuwarten, ob diese Initiative der l\u00e4ngst \u00fcberf\u00e4lligen Verankerung des Minderheitenschutzes im Recht der Europ\u00e4ischen Union neue Impulse verleihen kann.<\/p><p><b>Zur Webseite der Initiative: <u>www.minority-safepack.eu<\/u><\/b><\/p><p><b>Archiv:<\/b><\/p><ul><li><h6><span style=\"text-decoration: underline;\"><a href=\"https:\/\/fuen.org\/de\/article\/Der-Buergerausschuss-der-Europaeischen-Buergerinitiative-Minority-SafePack-fordert-das-Gericht-der-Europaeischen-Union-auf-die-Entscheidung-der-Kommission-zur-Initiative-fuer-nichtig-zu-erklaeren\">Der B\u00fcrgerausschuss der Europ\u00e4ischen B\u00fcrgerinitiative \u201eMinority SafePack\u201c fordert das Gericht der Europ\u00e4ischen Union auf, die Entscheidung der Kommission zur Initiative f\u00fcr nichtig zu erkl\u00e4ren <\/a><\/span><a href=\"https:\/\/fuen.org\/de\/article\/Der-Buergerausschuss-der-Europaeischen-Buergerinitiative-Minority-SafePack-fordert-das-Gericht-der-Europaeischen-Union-auf-die-Entscheidung-der-Kommission-zur-Initiative-fuer-nichtig-zu-erklaeren\">(24.03.2021)<\/a><a href=\"https:\/\/fuen.org\/de\/article\/Minority-SafePack-Die-Europaeische-Kommission-kehrt-den-nationalen-Minderheiten-in-der-EU-den-Ruecken-zu\">Minority SafePack: Die Europ\u00e4ische Kommission kehrt den nationalen Minderheiten in der EU den R\u00fccken zu<\/a> <a href=\"https:\/\/fuen.org\/de\/article\/Minority-SafePack-Die-Europaeische-Kommission-kehrt-den-nationalen-Minderheiten-in-der-EU-den-Ruecken-zu\">(14.01.2021)<\/a><\/h6><\/li><li><h6><span style=\"text-decoration: underline;\"><a href=\"https:\/\/fuen.org\/de\/article\/Das-Europaeische-Parlament-fordert-von-der-Kommission-Rechtsakte-zu-Minderheitenrechten\">Das Europ\u00e4ische Parlament fordert von der Kommission Rechtsakte zu Minderheitenrechten<\/a><\/span> (16.12.2020)<\/h6><\/li><li><h6><a href=\"https:\/\/archiv.minderheitensekretariat.de\/aktuelles\/die-erfolgreiche-minority-safepack-initiative-der-fuen-schuf-eine-europaeische-bewegung-fuer-minderheitenrechte\"><span style=\"text-decoration: underline;\">MSPI-Unterschriften wurden in Deutschland offiziell eingereicht<\/span><\/a> (25.04.2018)<\/h6><\/li><li><h6><a href=\"https:\/\/archiv.minderheitensekretariat.de\/aktuelles\/mspi-unterschriften-wurden-in-deutschland-offiziell-eingereicht\"><span style=\"text-decoration: underline;\">Die erfolgreiche Minority SafePack Initiative der FUEN schuf eine europ\u00e4ische Bewegung f\u00fcr Minderheitenrechte<\/span><\/a> (04.04.2018)<\/h6><\/li><li><h6>weitere Pressemitteilungen der <a href=\"https:\/\/fuen.org\/de\/categories\/News-1\"><span style=\"text-decoration: underline;\">FUEN<\/span><\/a><\/h6><\/li><\/ul>\t\t\t\t\t\t<\/div>\n\t\t\t\t<\/div>\n\t\t\t\t\t<\/div>\n\t\t<\/div>\n\t\t\t\t\t<\/div>\n\t\t<\/section>\n\t\t\t\t\t<\/div>\n\t\t<\/div>\n\t\t\t\t\t<\/div>\n\t\t<\/section>\n\t\t\t\t<\/div>\n\t\t","protected":false},"excerpt":{"rendered":"<p>MINORITY SAFEPACK INITIATIVE (MSPI) Du bist nicht allein. Eine Million Unterschriften f\u00fcr die Vielfalt Europas. In der Europ\u00e4ischen Union leben etwa 50 Millionen Menschen, die einer nationalen Minderheit oder Sprachminderheit angeh\u00f6ren. Allein in der EU gibt es neben den 24 Amtssprachen \u00fcber 60 Regional- oder Minderheitensprachen: Europas bestgeh\u00fctetes Geheimnis! Diese Minderheiten leisten einen wertvollen Beitrag [&hellip;]<\/p>\n","protected":false},"author":2,"featured_media":0,"parent":0,"menu_order":0,"comment_status":"closed","ping_status":"closed","template":"elementor_header_footer","meta":{"footnotes":""},"class_list":["post-14772","page","type-page","status-publish","hentry"],"yoast_head":"<!-- This site is optimized with the Yoast SEO plugin v23.8 - https:\/\/yoast.com\/wordpress\/plugins\/seo\/ -->\n<title>Minority SafePack Initiative (MSPI) - Minderheitensekretariat<\/title>\n<meta name=\"robots\" content=\"index, follow, max-snippet:-1, max-image-preview:large, max-video-preview:-1\" \/>\n<link rel=\"canonical\" href=\"https:\/\/www.minderheitensekretariat.de\/ns\/minority-safepack-initiative-mspi\/\" \/>\n<meta property=\"og:locale\" content=\"en_US\" \/>\n<meta property=\"og:type\" content=\"article\" \/>\n<meta property=\"og:title\" content=\"Minority SafePack Initiative (MSPI) - Minderheitensekretariat\" \/>\n<meta property=\"og:description\" content=\"MINORITY SAFEPACK INITIATIVE (MSPI) Du bist nicht allein. Eine Million Unterschriften f\u00fcr die Vielfalt Europas. In der Europ\u00e4ischen Union leben etwa 50 Millionen Menschen, die einer nationalen Minderheit oder Sprachminderheit angeh\u00f6ren. Allein in der EU gibt es neben den 24 Amtssprachen \u00fcber 60 Regional- oder Minderheitensprachen: Europas bestgeh\u00fctetes Geheimnis! Diese Minderheiten leisten einen wertvollen Beitrag [&hellip;]\" \/>\n<meta property=\"og:url\" content=\"https:\/\/www.minderheitensekretariat.de\/ns\/minority-safepack-initiative-mspi\/\" \/>\n<meta property=\"og:site_name\" content=\"Minderheitensekretariat\" \/>\n<meta property=\"article:publisher\" content=\"https:\/\/www.facebook.com\/minderheitensekretariat.de\" \/>\n<meta property=\"article:modified_time\" content=\"2025-05-14T09:01:56+00:00\" \/>\n<meta name=\"twitter:card\" content=\"summary_large_image\" \/>\n<meta name=\"twitter:label1\" content=\"Est. reading time\" \/>\n\t<meta name=\"twitter:data1\" content=\"4 minutes\" \/>\n<script type=\"application\/ld+json\" class=\"yoast-schema-graph\">{\"@context\":\"https:\/\/schema.org\",\"@graph\":[{\"@type\":\"WebPage\",\"@id\":\"https:\/\/www.minderheitensekretariat.de\/ns\/minority-safepack-initiative-mspi\/\",\"url\":\"https:\/\/www.minderheitensekretariat.de\/ns\/minority-safepack-initiative-mspi\/\",\"name\":\"Minority SafePack Initiative (MSPI) - Minderheitensekretariat\",\"isPartOf\":{\"@id\":\"https:\/\/www.minderheitensekretariat.de\/ns\/#website\"},\"datePublished\":\"2022-08-10T08:20:22+00:00\",\"dateModified\":\"2025-05-14T09:01:56+00:00\",\"breadcrumb\":{\"@id\":\"https:\/\/www.minderheitensekretariat.de\/ns\/minority-safepack-initiative-mspi\/#breadcrumb\"},\"inLanguage\":\"ns-NS\",\"potentialAction\":[{\"@type\":\"ReadAction\",\"target\":[\"https:\/\/www.minderheitensekretariat.de\/ns\/minority-safepack-initiative-mspi\/\"]}]},{\"@type\":\"BreadcrumbList\",\"@id\":\"https:\/\/www.minderheitensekretariat.de\/ns\/minority-safepack-initiative-mspi\/#breadcrumb\",\"itemListElement\":[{\"@type\":\"ListItem\",\"position\":1,\"name\":\"Startseite\",\"item\":\"https:\/\/www.minderheitensekretariat.de\/ns\/\"},{\"@type\":\"ListItem\",\"position\":2,\"name\":\"Minority SafePack Initiative (MSPI)\"}]},{\"@type\":\"WebSite\",\"@id\":\"https:\/\/www.minderheitensekretariat.de\/ns\/#website\",\"url\":\"https:\/\/www.minderheitensekretariat.de\/ns\/\",\"name\":\"Minderheitensekretariat\",\"description\":\"\",\"publisher\":{\"@id\":\"https:\/\/www.minderheitensekretariat.de\/ns\/#organization\"},\"potentialAction\":[{\"@type\":\"SearchAction\",\"target\":{\"@type\":\"EntryPoint\",\"urlTemplate\":\"https:\/\/www.minderheitensekretariat.de\/ns\/?s={search_term_string}\"},\"query-input\":{\"@type\":\"PropertyValueSpecification\",\"valueRequired\":true,\"valueName\":\"search_term_string\"}}],\"inLanguage\":\"ns-NS\"},{\"@type\":\"Organization\",\"@id\":\"https:\/\/www.minderheitensekretariat.de\/ns\/#organization\",\"name\":\"Minderheitensekretariat\",\"url\":\"https:\/\/www.minderheitensekretariat.de\/ns\/\",\"logo\":{\"@type\":\"ImageObject\",\"inLanguage\":\"ns-NS\",\"@id\":\"https:\/\/www.minderheitensekretariat.de\/ns\/#\/schema\/logo\/image\/\",\"url\":\"https:\/\/www.minderheitensekretariat.de\/wp-content\/uploads\/2023\/03\/Min_sek_Logo_4c.jpg\",\"contentUrl\":\"https:\/\/www.minderheitensekretariat.de\/wp-content\/uploads\/2023\/03\/Min_sek_Logo_4c.jpg\",\"width\":984,\"height\":236,\"caption\":\"Minderheitensekretariat\"},\"image\":{\"@id\":\"https:\/\/www.minderheitensekretariat.de\/ns\/#\/schema\/logo\/image\/\"},\"sameAs\":[\"https:\/\/www.facebook.com\/minderheitensekretariat.de\"]}]}<\/script>\n<!-- \/ Yoast SEO plugin. -->","yoast_head_json":{"title":"Minority SafePack Initiative (MSPI) - Minderheitensekretariat","robots":{"index":"index","follow":"follow","max-snippet":"max-snippet:-1","max-image-preview":"max-image-preview:large","max-video-preview":"max-video-preview:-1"},"canonical":"https:\/\/www.minderheitensekretariat.de\/ns\/minority-safepack-initiative-mspi\/","og_locale":"en_US","og_type":"article","og_title":"Minority SafePack Initiative (MSPI) - Minderheitensekretariat","og_description":"MINORITY SAFEPACK INITIATIVE (MSPI) Du bist nicht allein. Eine Million Unterschriften f\u00fcr die Vielfalt Europas. In der Europ\u00e4ischen Union leben etwa 50 Millionen Menschen, die einer nationalen Minderheit oder Sprachminderheit angeh\u00f6ren. Allein in der EU gibt es neben den 24 Amtssprachen \u00fcber 60 Regional- oder Minderheitensprachen: Europas bestgeh\u00fctetes Geheimnis! Diese Minderheiten leisten einen wertvollen Beitrag [&hellip;]","og_url":"https:\/\/www.minderheitensekretariat.de\/ns\/minority-safepack-initiative-mspi\/","og_site_name":"Minderheitensekretariat","article_publisher":"https:\/\/www.facebook.com\/minderheitensekretariat.de","article_modified_time":"2025-05-14T09:01:56+00:00","twitter_card":"summary_large_image","twitter_misc":{"Est. reading time":"4 minutes"},"schema":{"@context":"https:\/\/schema.org","@graph":[{"@type":"WebPage","@id":"https:\/\/www.minderheitensekretariat.de\/ns\/minority-safepack-initiative-mspi\/","url":"https:\/\/www.minderheitensekretariat.de\/ns\/minority-safepack-initiative-mspi\/","name":"Minority SafePack Initiative (MSPI) - Minderheitensekretariat","isPartOf":{"@id":"https:\/\/www.minderheitensekretariat.de\/ns\/#website"},"datePublished":"2022-08-10T08:20:22+00:00","dateModified":"2025-05-14T09:01:56+00:00","breadcrumb":{"@id":"https:\/\/www.minderheitensekretariat.de\/ns\/minority-safepack-initiative-mspi\/#breadcrumb"},"inLanguage":"ns-NS","potentialAction":[{"@type":"ReadAction","target":["https:\/\/www.minderheitensekretariat.de\/ns\/minority-safepack-initiative-mspi\/"]}]},{"@type":"BreadcrumbList","@id":"https:\/\/www.minderheitensekretariat.de\/ns\/minority-safepack-initiative-mspi\/#breadcrumb","itemListElement":[{"@type":"ListItem","position":1,"name":"Startseite","item":"https:\/\/www.minderheitensekretariat.de\/ns\/"},{"@type":"ListItem","position":2,"name":"Minority SafePack Initiative (MSPI)"}]},{"@type":"WebSite","@id":"https:\/\/www.minderheitensekretariat.de\/ns\/#website","url":"https:\/\/www.minderheitensekretariat.de\/ns\/","name":"Minderheitensekretariat","description":"","publisher":{"@id":"https:\/\/www.minderheitensekretariat.de\/ns\/#organization"},"potentialAction":[{"@type":"SearchAction","target":{"@type":"EntryPoint","urlTemplate":"https:\/\/www.minderheitensekretariat.de\/ns\/?s={search_term_string}"},"query-input":{"@type":"PropertyValueSpecification","valueRequired":true,"valueName":"search_term_string"}}],"inLanguage":"ns-NS"},{"@type":"Organization","@id":"https:\/\/www.minderheitensekretariat.de\/ns\/#organization","name":"Minderheitensekretariat","url":"https:\/\/www.minderheitensekretariat.de\/ns\/","logo":{"@type":"ImageObject","inLanguage":"ns-NS","@id":"https:\/\/www.minderheitensekretariat.de\/ns\/#\/schema\/logo\/image\/","url":"https:\/\/www.minderheitensekretariat.de\/wp-content\/uploads\/2023\/03\/Min_sek_Logo_4c.jpg","contentUrl":"https:\/\/www.minderheitensekretariat.de\/wp-content\/uploads\/2023\/03\/Min_sek_Logo_4c.jpg","width":984,"height":236,"caption":"Minderheitensekretariat"},"image":{"@id":"https:\/\/www.minderheitensekretariat.de\/ns\/#\/schema\/logo\/image\/"},"sameAs":["https:\/\/www.facebook.com\/minderheitensekretariat.de"]}]}},"_links":{"self":[{"href":"https:\/\/www.minderheitensekretariat.de\/ns\/wp-json\/wp\/v2\/pages\/14772","targetHints":{"allow":["GET"]}}],"collection":[{"href":"https:\/\/www.minderheitensekretariat.de\/ns\/wp-json\/wp\/v2\/pages"}],"about":[{"href":"https:\/\/www.minderheitensekretariat.de\/ns\/wp-json\/wp\/v2\/types\/page"}],"author":[{"embeddable":true,"href":"https:\/\/www.minderheitensekretariat.de\/ns\/wp-json\/wp\/v2\/users\/2"}],"replies":[{"embeddable":true,"href":"https:\/\/www.minderheitensekretariat.de\/ns\/wp-json\/wp\/v2\/comments?post=14772"}],"version-history":[{"count":4,"href":"https:\/\/www.minderheitensekretariat.de\/ns\/wp-json\/wp\/v2\/pages\/14772\/revisions"}],"predecessor-version":[{"id":20306,"href":"https:\/\/www.minderheitensekretariat.de\/ns\/wp-json\/wp\/v2\/pages\/14772\/revisions\/20306"}],"wp:attachment":[{"href":"https:\/\/www.minderheitensekretariat.de\/ns\/wp-json\/wp\/v2\/media?parent=14772"}],"curies":[{"name":"wp","href":"https:\/\/api.w.org\/{rel}","templated":true}]}}