{"id":15225,"date":"2022-08-10T11:23:36","date_gmt":"2022-08-10T09:23:36","guid":{"rendered":"https:\/\/www.minderheitensekretariat.de\/allgemeines-gleichbehandlungsgesetz-agg\/"},"modified":"2025-01-28T15:12:32","modified_gmt":"2025-01-28T14:12:32","slug":"allgemeines-gleichbehandlungsgesetz-agg","status":"publish","type":"page","link":"https:\/\/www.minderheitensekretariat.de\/sat\/allgemeines-gleichbehandlungsgesetz-agg\/","title":{"rendered":"Allgemeines Gleichbehandlungsgesetz (AGG)"},"content":{"rendered":"\t\t<div data-elementor-type=\"wp-page\" data-elementor-id=\"15225\" class=\"elementor elementor-15225 elementor-2762\" data-elementor-post-type=\"page\">\n\t\t\t\t\t\t<section class=\"elementor-section elementor-top-section elementor-element elementor-element-7f0a0adb elementor-section-full_width elementor-section-content-top elementor-section-height-default elementor-section-height-default\" data-id=\"7f0a0adb\" data-element_type=\"section\" data-settings=\"{&quot;background_background&quot;:&quot;gradient&quot;}\">\n\t\t\t\t\t\t\t<div class=\"elementor-background-overlay\"><\/div>\n\t\t\t\t\t\t\t<div class=\"elementor-container elementor-column-gap-default\">\n\t\t\t\t\t<div class=\"elementor-column elementor-col-100 elementor-top-column elementor-element elementor-element-36e613fb\" data-id=\"36e613fb\" data-element_type=\"column\">\n\t\t\t<div class=\"elementor-widget-wrap elementor-element-populated\">\n\t\t\t\t\t\t<section class=\"elementor-section elementor-inner-section elementor-element elementor-element-89bf144 elementor-section-full_width elementor-section-height-min-height elementor-section-height-default\" data-id=\"89bf144\" data-element_type=\"section\">\n\t\t\t\t\t\t<div class=\"elementor-container elementor-column-gap-no\">\n\t\t\t\t\t<div class=\"elementor-column elementor-col-100 elementor-inner-column elementor-element elementor-element-3c48b375\" data-id=\"3c48b375\" data-element_type=\"column\" data-settings=\"{&quot;background_background&quot;:&quot;classic&quot;}\">\n\t\t\t<div class=\"elementor-widget-wrap elementor-element-populated\">\n\t\t\t\t\t<div class=\"elementor-background-overlay\"><\/div>\n\t\t\t\t\t\t<div class=\"elementor-element elementor-element-4e59c63c elementor-widget-divider--view-line elementor-widget elementor-widget-divider\" data-id=\"4e59c63c\" data-element_type=\"widget\" data-widget_type=\"divider.default\">\n\t\t\t\t<div class=\"elementor-widget-container\">\n\t\t\t\t\t<div class=\"elementor-divider\">\n\t\t\t<span class=\"elementor-divider-separator\">\n\t\t\t\t\t\t<\/span>\n\t\t<\/div>\n\t\t\t\t<\/div>\n\t\t\t\t<\/div>\n\t\t\t\t<div class=\"elementor-element elementor-element-7601e7eb elementor-widget elementor-widget-heading\" data-id=\"7601e7eb\" data-element_type=\"widget\" data-widget_type=\"heading.default\">\n\t\t\t\t<div class=\"elementor-widget-container\">\n\t\t\t<h2 class=\"elementor-heading-title elementor-size-default\"><b>Allgemeines Gleichbehandlungsgesetz (AGG)<\/b><\/h2>\t\t<\/div>\n\t\t\t\t<\/div>\n\t\t\t\t\t<\/div>\n\t\t<\/div>\n\t\t\t\t\t<\/div>\n\t\t<\/section>\n\t\t\t\t<section class=\"elementor-section elementor-inner-section elementor-element elementor-element-1bc6663f elementor-section-boxed elementor-section-height-default elementor-section-height-default\" data-id=\"1bc6663f\" data-element_type=\"section\" data-settings=\"{&quot;background_background&quot;:&quot;classic&quot;}\">\n\t\t\t\t\t\t\t<div class=\"elementor-background-overlay\"><\/div>\n\t\t\t\t\t\t\t<div class=\"elementor-container elementor-column-gap-default\">\n\t\t\t\t\t<div class=\"elementor-column elementor-col-100 elementor-inner-column elementor-element elementor-element-2daed429\" data-id=\"2daed429\" data-element_type=\"column\">\n\t\t\t<div class=\"elementor-widget-wrap elementor-element-populated\">\n\t\t\t\t\t\t<div class=\"elementor-element elementor-element-72957c47 elementor-widget elementor-widget-menu-anchor\" data-id=\"72957c47\" data-element_type=\"widget\" data-widget_type=\"menu-anchor.default\">\n\t\t\t\t<div class=\"elementor-widget-container\">\n\t\t\t\t\t<div class=\"elementor-menu-anchor\" id=\"mehr\"><\/div>\n\t\t\t\t<\/div>\n\t\t\t\t<\/div>\n\t\t\t\t<div class=\"elementor-element elementor-element-443e33bc elementor-widget elementor-widget-text-editor\" data-id=\"443e33bc\" data-element_type=\"widget\" data-widget_type=\"text-editor.default\">\n\t\t\t\t<div class=\"elementor-widget-container\">\n\t\t\t\t\t\t\t<p>Am 18. August 2006 trat das <a href=\"http:\/\/www.antidiskriminierungsstelle.de\/SharedDocs\/Downloads\/DE\/publikationen\/AGG\/agg_gleichbehandlungsgesetz.html?nn=4193126\"><span style=\"text-decoration: underline;\">Allgemeine Gleichbehandlungsgesetz<\/span><\/a> (AGG) (umgangssprachlich auch Antidiskriminierungsgesetz genannt) in Kraft. Es setzt vier europ\u00e4ische Antidiskriminierungsrichtlinien aus den Jahren 2000 bis 2004 in deutsches Recht um.<\/p><p>Ziel des AGG ist es, rassistische Diskriminierungen oder jene, die wegen der ethnischen Herkunft, des Geschlechts, der Religion oder Weltanschauung, einer Behinderung, des Alters oder der sexuellen Identit\u00e4t erfolgt sind, zu verhindern oder zu beseitigen (\u00a7 1 AGG). Das AGG regelt die Anspr\u00fcche und Rechtsfolgen bei Diskriminierungen sowohl f\u00fcr das Arbeitsleben als auch f\u00fcr das Zivilrecht.<\/p><p>Nach Inkrafttreten des Gesetzes wurde 2006 die <span style=\"text-decoration: underline;\"><a href=\"https:\/\/www.antidiskriminierungsstelle.de\/DE\/startseite\/startseite-node.html\">Antidiskriminierungsstelle des Bundes<\/a><\/span> (ADS) eingerichtet. Dies ist eine unabh\u00e4ngige Anlaufstelle f\u00fcr Menschen, die von Diskriminierung betroffen sind. Die ADS und ihre Aufgaben sind in diesem \u201eAntidiskriminierungsgesetz\u201c festgeschrieben und entsprechen den EU-Gleichbehandlungsrichtlinien. Jeder Mensch kann sich an die ADS wenden und sich beraten lassen, wenn er*sie z.B. diskriminiert wurde und Hilfe ben\u00f6tigt.<\/p><p>Der ADS hat einen <a href=\"http:\/\/www.antidiskriminierungsstelle.de\/DE\/UeberUns\/OrganisationDerStelle\/Beirat\/beirat_node.html\"><span style=\"text-decoration: underline;\">Beirat<\/span><\/a> mit Vertretern und <span style=\"color: var( --e-global-color-39532aa ); background-color: transparent;\">Vertreterinnen<\/span><span style=\"color: var( --e-global-color-39532aa ); background-color: transparent;\"> gesellschaftlicher Gruppen und Organisationen sowie Experten und <\/span><span style=\"color: var( --e-global-color-39532aa ); background-color: transparent;\">Expertinnen<\/span><span style=\"color: var( --e-global-color-39532aa ); background-color: transparent;\"> in Fragen der Benachteiligung. Seine Aufgabe ist es, die ADS bei der Vorlage von Berichten und Empfehlungen an den Deutschen Bundestag zu beraten und kann zu diesen sowie zu wissenschaftlichen Untersuchungen eigene Vorschl\u00e4ge unterbreiten. Unter anderem wurde als Mitglied des Beirates Romani Rose, Vorsitzender des <\/span><a href=\"https:\/\/www.minderheitensekretariat.de\/zentralrat-deutscher-sinti-und-roma\/\"><span style=\"text-decoration-line: underline;\">Zentralrats Deutscher Sinti und Roma<\/span><\/a><span style=\"color: var( --e-global-color-39532aa ); background-color: transparent;\">, berufen.\u00a0<\/span><\/p><p>Die Verbreitung und Sichtbarmachung des Allgemeinen Gleichbehandlungsgesetzes (AGG) wie auch die Wissensvermittlung \u00fcber die Arbeit der Antidiskriminierungsstelle des Bundes (ADS) ist eine wichtige Aufgabe aller Akteure. Im Bereich der Diskriminierung der autochthonen nationalen Minderheiten Deutschlands ist dies auch einer der Schwerpunkte der Arbeit des Minderheitensekretariats.<\/p><p><b>Weitere Informationen:<\/b><\/p><ul><li><h6><span style=\"text-decoration: underline;\"><a href=\"https:\/\/www.antidiskriminierungsstelle.de\/SharedDocs\/downloads\/DE\/publikationen\/AGG\/agg_gleichbehandlungsgesetz.html?nn=4193126\">Das Allgemeine Gleichbehandlungsgesetz online<\/a><\/span><\/h6><\/li><li><h6>Mehr Informationen zum Gesetz auf den Seiten der <span style=\"text-decoration: underline;\"><a href=\"https:\/\/www.antidiskriminierungsstelle.de\/DE\/startseite\/startseite-node\">Antidiskriminierungsstelle des Bundes (ADS)<\/a><\/span><\/h6><\/li><\/ul>\t\t\t\t\t\t<\/div>\n\t\t\t\t<\/div>\n\t\t\t\t\t<\/div>\n\t\t<\/div>\n\t\t\t\t\t<\/div>\n\t\t<\/section>\n\t\t\t\t\t<\/div>\n\t\t<\/div>\n\t\t\t\t\t<\/div>\n\t\t<\/section>\n\t\t\t\t<\/div>\n\t\t","protected":false},"excerpt":{"rendered":"<p>Allgemeines Gleichbehandlungsgesetz (AGG) Am 18. August 2006 trat das Allgemeine Gleichbehandlungsgesetz (AGG) (umgangssprachlich auch Antidiskriminierungsgesetz genannt) in Kraft. Es setzt vier europ\u00e4ische Antidiskriminierungsrichtlinien aus den Jahren 2000 bis 2004 in deutsches Recht um. Ziel des AGG ist es, rassistische Diskriminierungen oder jene, die wegen der ethnischen Herkunft, des Geschlechts, der Religion oder Weltanschauung, einer Behinderung, [&hellip;]<\/p>\n","protected":false},"author":2,"featured_media":0,"parent":0,"menu_order":0,"comment_status":"closed","ping_status":"closed","template":"elementor_header_footer","meta":{"footnotes":""},"class_list":["post-15225","page","type-page","status-publish","hentry"],"yoast_head":"<!-- This site is optimized with the Yoast SEO plugin v23.8 - https:\/\/yoast.com\/wordpress\/plugins\/seo\/ -->\n<title>Allgemeines Gleichbehandlungsgesetz (AGG) - Minderheitensekretariat<\/title>\n<meta name=\"robots\" content=\"index, follow, max-snippet:-1, max-image-preview:large, max-video-preview:-1\" \/>\n<link rel=\"canonical\" href=\"https:\/\/www.minderheitensekretariat.de\/sat\/allgemeines-gleichbehandlungsgesetz-agg\/\" \/>\n<meta property=\"og:locale\" content=\"en_US\" \/>\n<meta property=\"og:type\" content=\"article\" \/>\n<meta property=\"og:title\" content=\"Allgemeines Gleichbehandlungsgesetz (AGG) - Minderheitensekretariat\" \/>\n<meta property=\"og:description\" content=\"Allgemeines Gleichbehandlungsgesetz (AGG) Am 18. August 2006 trat das Allgemeine Gleichbehandlungsgesetz (AGG) (umgangssprachlich auch Antidiskriminierungsgesetz genannt) in Kraft. Es setzt vier europ\u00e4ische Antidiskriminierungsrichtlinien aus den Jahren 2000 bis 2004 in deutsches Recht um. Ziel des AGG ist es, rassistische Diskriminierungen oder jene, die wegen der ethnischen Herkunft, des Geschlechts, der Religion oder Weltanschauung, einer Behinderung, [&hellip;]\" \/>\n<meta property=\"og:url\" content=\"https:\/\/www.minderheitensekretariat.de\/sat\/allgemeines-gleichbehandlungsgesetz-agg\/\" \/>\n<meta property=\"og:site_name\" content=\"Minderheitensekretariat\" \/>\n<meta property=\"article:publisher\" content=\"https:\/\/www.facebook.com\/minderheitensekretariat.de\" \/>\n<meta property=\"article:modified_time\" content=\"2025-01-28T14:12:32+00:00\" \/>\n<meta name=\"twitter:card\" content=\"summary_large_image\" \/>\n<meta name=\"twitter:label1\" content=\"Est. reading time\" \/>\n\t<meta name=\"twitter:data1\" content=\"2 minutes\" \/>\n<script type=\"application\/ld+json\" class=\"yoast-schema-graph\">{\"@context\":\"https:\/\/schema.org\",\"@graph\":[{\"@type\":\"WebPage\",\"@id\":\"https:\/\/www.minderheitensekretariat.de\/sat\/allgemeines-gleichbehandlungsgesetz-agg\/\",\"url\":\"https:\/\/www.minderheitensekretariat.de\/sat\/allgemeines-gleichbehandlungsgesetz-agg\/\",\"name\":\"Allgemeines Gleichbehandlungsgesetz (AGG) - Minderheitensekretariat\",\"isPartOf\":{\"@id\":\"https:\/\/www.minderheitensekretariat.de\/sat\/#website\"},\"datePublished\":\"2022-08-10T09:23:36+00:00\",\"dateModified\":\"2025-01-28T14:12:32+00:00\",\"breadcrumb\":{\"@id\":\"https:\/\/www.minderheitensekretariat.de\/sat\/allgemeines-gleichbehandlungsgesetz-agg\/#breadcrumb\"},\"inLanguage\":\"sat-SAT\",\"potentialAction\":[{\"@type\":\"ReadAction\",\"target\":[\"https:\/\/www.minderheitensekretariat.de\/sat\/allgemeines-gleichbehandlungsgesetz-agg\/\"]}]},{\"@type\":\"BreadcrumbList\",\"@id\":\"https:\/\/www.minderheitensekretariat.de\/sat\/allgemeines-gleichbehandlungsgesetz-agg\/#breadcrumb\",\"itemListElement\":[{\"@type\":\"ListItem\",\"position\":1,\"name\":\"Startseite\",\"item\":\"https:\/\/www.minderheitensekretariat.de\/sat\/\"},{\"@type\":\"ListItem\",\"position\":2,\"name\":\"Allgemeines Gleichbehandlungsgesetz (AGG)\"}]},{\"@type\":\"WebSite\",\"@id\":\"https:\/\/www.minderheitensekretariat.de\/sat\/#website\",\"url\":\"https:\/\/www.minderheitensekretariat.de\/sat\/\",\"name\":\"Minderheitensekretariat\",\"description\":\"\",\"publisher\":{\"@id\":\"https:\/\/www.minderheitensekretariat.de\/sat\/#organization\"},\"potentialAction\":[{\"@type\":\"SearchAction\",\"target\":{\"@type\":\"EntryPoint\",\"urlTemplate\":\"https:\/\/www.minderheitensekretariat.de\/sat\/?s={search_term_string}\"},\"query-input\":{\"@type\":\"PropertyValueSpecification\",\"valueRequired\":true,\"valueName\":\"search_term_string\"}}],\"inLanguage\":\"sat-SAT\"},{\"@type\":\"Organization\",\"@id\":\"https:\/\/www.minderheitensekretariat.de\/sat\/#organization\",\"name\":\"Minderheitensekretariat\",\"url\":\"https:\/\/www.minderheitensekretariat.de\/sat\/\",\"logo\":{\"@type\":\"ImageObject\",\"inLanguage\":\"sat-SAT\",\"@id\":\"https:\/\/www.minderheitensekretariat.de\/sat\/#\/schema\/logo\/image\/\",\"url\":\"https:\/\/www.minderheitensekretariat.de\/wp-content\/uploads\/2023\/03\/Min_sek_Logo_4c.jpg\",\"contentUrl\":\"https:\/\/www.minderheitensekretariat.de\/wp-content\/uploads\/2023\/03\/Min_sek_Logo_4c.jpg\",\"width\":984,\"height\":236,\"caption\":\"Minderheitensekretariat\"},\"image\":{\"@id\":\"https:\/\/www.minderheitensekretariat.de\/sat\/#\/schema\/logo\/image\/\"},\"sameAs\":[\"https:\/\/www.facebook.com\/minderheitensekretariat.de\"]}]}<\/script>\n<!-- \/ Yoast SEO plugin. -->","yoast_head_json":{"title":"Allgemeines Gleichbehandlungsgesetz (AGG) - Minderheitensekretariat","robots":{"index":"index","follow":"follow","max-snippet":"max-snippet:-1","max-image-preview":"max-image-preview:large","max-video-preview":"max-video-preview:-1"},"canonical":"https:\/\/www.minderheitensekretariat.de\/sat\/allgemeines-gleichbehandlungsgesetz-agg\/","og_locale":"en_US","og_type":"article","og_title":"Allgemeines Gleichbehandlungsgesetz (AGG) - Minderheitensekretariat","og_description":"Allgemeines Gleichbehandlungsgesetz (AGG) Am 18. August 2006 trat das Allgemeine Gleichbehandlungsgesetz (AGG) (umgangssprachlich auch Antidiskriminierungsgesetz genannt) in Kraft. Es setzt vier europ\u00e4ische Antidiskriminierungsrichtlinien aus den Jahren 2000 bis 2004 in deutsches Recht um. Ziel des AGG ist es, rassistische Diskriminierungen oder jene, die wegen der ethnischen Herkunft, des Geschlechts, der Religion oder Weltanschauung, einer Behinderung, [&hellip;]","og_url":"https:\/\/www.minderheitensekretariat.de\/sat\/allgemeines-gleichbehandlungsgesetz-agg\/","og_site_name":"Minderheitensekretariat","article_publisher":"https:\/\/www.facebook.com\/minderheitensekretariat.de","article_modified_time":"2025-01-28T14:12:32+00:00","twitter_card":"summary_large_image","twitter_misc":{"Est. reading time":"2 minutes"},"schema":{"@context":"https:\/\/schema.org","@graph":[{"@type":"WebPage","@id":"https:\/\/www.minderheitensekretariat.de\/sat\/allgemeines-gleichbehandlungsgesetz-agg\/","url":"https:\/\/www.minderheitensekretariat.de\/sat\/allgemeines-gleichbehandlungsgesetz-agg\/","name":"Allgemeines Gleichbehandlungsgesetz (AGG) - Minderheitensekretariat","isPartOf":{"@id":"https:\/\/www.minderheitensekretariat.de\/sat\/#website"},"datePublished":"2022-08-10T09:23:36+00:00","dateModified":"2025-01-28T14:12:32+00:00","breadcrumb":{"@id":"https:\/\/www.minderheitensekretariat.de\/sat\/allgemeines-gleichbehandlungsgesetz-agg\/#breadcrumb"},"inLanguage":"sat-SAT","potentialAction":[{"@type":"ReadAction","target":["https:\/\/www.minderheitensekretariat.de\/sat\/allgemeines-gleichbehandlungsgesetz-agg\/"]}]},{"@type":"BreadcrumbList","@id":"https:\/\/www.minderheitensekretariat.de\/sat\/allgemeines-gleichbehandlungsgesetz-agg\/#breadcrumb","itemListElement":[{"@type":"ListItem","position":1,"name":"Startseite","item":"https:\/\/www.minderheitensekretariat.de\/sat\/"},{"@type":"ListItem","position":2,"name":"Allgemeines Gleichbehandlungsgesetz (AGG)"}]},{"@type":"WebSite","@id":"https:\/\/www.minderheitensekretariat.de\/sat\/#website","url":"https:\/\/www.minderheitensekretariat.de\/sat\/","name":"Minderheitensekretariat","description":"","publisher":{"@id":"https:\/\/www.minderheitensekretariat.de\/sat\/#organization"},"potentialAction":[{"@type":"SearchAction","target":{"@type":"EntryPoint","urlTemplate":"https:\/\/www.minderheitensekretariat.de\/sat\/?s={search_term_string}"},"query-input":{"@type":"PropertyValueSpecification","valueRequired":true,"valueName":"search_term_string"}}],"inLanguage":"sat-SAT"},{"@type":"Organization","@id":"https:\/\/www.minderheitensekretariat.de\/sat\/#organization","name":"Minderheitensekretariat","url":"https:\/\/www.minderheitensekretariat.de\/sat\/","logo":{"@type":"ImageObject","inLanguage":"sat-SAT","@id":"https:\/\/www.minderheitensekretariat.de\/sat\/#\/schema\/logo\/image\/","url":"https:\/\/www.minderheitensekretariat.de\/wp-content\/uploads\/2023\/03\/Min_sek_Logo_4c.jpg","contentUrl":"https:\/\/www.minderheitensekretariat.de\/wp-content\/uploads\/2023\/03\/Min_sek_Logo_4c.jpg","width":984,"height":236,"caption":"Minderheitensekretariat"},"image":{"@id":"https:\/\/www.minderheitensekretariat.de\/sat\/#\/schema\/logo\/image\/"},"sameAs":["https:\/\/www.facebook.com\/minderheitensekretariat.de"]}]}},"_links":{"self":[{"href":"https:\/\/www.minderheitensekretariat.de\/sat\/wp-json\/wp\/v2\/pages\/15225","targetHints":{"allow":["GET"]}}],"collection":[{"href":"https:\/\/www.minderheitensekretariat.de\/sat\/wp-json\/wp\/v2\/pages"}],"about":[{"href":"https:\/\/www.minderheitensekretariat.de\/sat\/wp-json\/wp\/v2\/types\/page"}],"author":[{"embeddable":true,"href":"https:\/\/www.minderheitensekretariat.de\/sat\/wp-json\/wp\/v2\/users\/2"}],"replies":[{"embeddable":true,"href":"https:\/\/www.minderheitensekretariat.de\/sat\/wp-json\/wp\/v2\/comments?post=15225"}],"version-history":[{"count":4,"href":"https:\/\/www.minderheitensekretariat.de\/sat\/wp-json\/wp\/v2\/pages\/15225\/revisions"}],"predecessor-version":[{"id":18888,"href":"https:\/\/www.minderheitensekretariat.de\/sat\/wp-json\/wp\/v2\/pages\/15225\/revisions\/18888"}],"wp:attachment":[{"href":"https:\/\/www.minderheitensekretariat.de\/sat\/wp-json\/wp\/v2\/media?parent=15225"}],"curies":[{"name":"wp","href":"https:\/\/api.w.org\/{rel}","templated":true}]}}